{"id":975,"date":"2022-02-26T10:38:16","date_gmt":"2022-02-26T09:38:16","guid":{"rendered":"https:\/\/ksvi.mff.cuni.cz\/amulab\/?page_id=975"},"modified":"2022-10-21T09:46:20","modified_gmt":"2022-10-21T07:46:20","slug":"internet4kids","status":"publish","type":"page","link":"https:\/\/ksvi.mff.cuni.cz\/amulab\/index.php\/cs\/internet4kids\/","title":{"rendered":"Internet4Kids"},"content":{"rendered":"\n<p>C\u00edlem projektu je vytvo\u0159en\u00ed nov\u00e9ho zp\u016fsobu v\u00fduky informatiky dle nov\u00e9 revize RVP. Projekt se t\u00fdk\u00e1 d\u011bt\u00ed ze z\u00e1kladn\u00edch \u0161kol a jejich u\u010ditel\u016f. Prob\u00edh\u00e1 ve spolupr\u00e1ci s&nbsp;<a href=\"https:\/\/decko.ceskatelevize.cz\/\">d\u011btsk\u00fdm kan\u00e1lem \u010cesk\u00e9 televize<\/a>.&nbsp;V\u00fdzkum pr\u00e1v\u011b prob\u00edh\u00e1, p\u0159ihla\u0161ov\u00e1n\u00ed \u00fa\u010dastn\u00edk\u016f je otev\u0159en\u00e9.<\/p>\n\n\n\n<h2 class=\"wp-block-heading\">Rozcestn\u00edk<\/h2>\n\n\n\n<ul class=\"wp-block-list\"><li><a href=\"https:\/\/ksvi.mff.cuni.cz\/amulab\/wp-content\/uploads\/2022\/04\/internet4Kids-info_rodice.pdf\">Informace pro rodi\u010de<\/a><\/li><li><a href=\"https:\/\/ksvi.mff.cuni.cz\/amulab\/wp-content\/uploads\/2022\/04\/Internet4Kids_odmeny.pdf\">Nab\u00eddka odm\u011bn pro \u00fa\u010dastn\u00edky v\u00fdzkumu &#8211; d\u011bti<\/a><\/li><li><a href=\"https:\/\/forms.office.com\/Pages\/ResponsePage.aspx?id=2naS4DT5hkC_CIgWogQUojSv6JSew5VLrc_E_gge0i5UMU0zU1pMU1IwTVFPNzkwTEpNMUVUVVk2Ry4u\" data-type=\"URL\" data-id=\"https:\/\/forms.office.com\/Pages\/ResponsePage.aspx?id=2naS4DT5hkC_CIgWogQUojSv6JSew5VLrc_E_gge0i5UMU0zU1pMU1IwTVFPNzkwTEpNMUVUVVk2Ry4u\">P\u0159ihl\u00e1\u0161ka k v\u00fdzkumu &#8211; rodi\u010d p\u0159ihla\u0161uje d\u00edt\u011b<\/a> <\/li><li><a href=\"https:\/\/ksvi.mff.cuni.cz\/amulab\/wp-content\/uploads\/2022\/03\/GACR_hlavni_letak-3-1.pdf\" data-type=\"URL\" data-id=\"https:\/\/ksvi.mff.cuni.cz\/amulab\/wp-content\/uploads\/2022\/03\/GACR_hlavni_letak-3-1.pdf\">Let\u00e1\u010dek na n\u00e1st\u011bnku &#8211; pro \u0161kolu a \u017e\u00e1ky<\/a> <\/li><\/ul>\n\n\n\n<p><\/p>\n\n\n\n<ul class=\"wp-block-list\"><li><a href=\"https:\/\/ksvi.mff.cuni.cz\/amulab\/index.php\/cs\/ucitele-2\/\" data-type=\"page\" data-id=\"745\">Informace pro u\u010ditele <strong>z praxe<\/strong>, kte\u0159\u00ed se cht\u011bj\u00ed \u00fa\u010dastnit v\u00fdzkumu<\/a><\/li><li><a href=\"https:\/\/ksvi.mff.cuni.cz\/amulab\/index.php\/cs\/ucitele-3\/\" data-type=\"URL\" data-id=\"https:\/\/ksvi.mff.cuni.cz\/amulab\/index.php\/cs\/ucitele-3\/\">Informace pro <strong>za\u010d\u00ednaj\u00edc\u00ed<\/strong> u\u010ditele, kte\u0159\u00ed se cht\u011bj\u00ed \u00fa\u010dastnit v\u00fdzkumu<\/a><\/li><\/ul>\n\n\n\n<p><\/p>\n","protected":false},"excerpt":{"rendered":"<p>C\u00edlem projektu je vytvo\u0159en\u00ed nov\u00e9ho zp\u016fsobu v\u00fduky informatiky dle nov\u00e9 revize RVP. Projekt se t\u00fdk\u00e1 d\u011bt\u00ed ze z\u00e1kladn\u00edch \u0161kol a jejich u\u010ditel\u016f. Prob\u00edh\u00e1 ve spolupr\u00e1ci s&nbsp;d\u011btsk\u00fdm kan\u00e1lem \u010cesk\u00e9 televize.&nbsp;V\u00fdzkum pr\u00e1v\u011b prob\u00edh\u00e1, p\u0159ihla\u0161ov\u00e1n\u00ed \u00fa\u010dastn\u00edk\u016f je otev\u0159en\u00e9. Rozcestn\u00edk Informace pro rodi\u010de Nab\u00eddka odm\u011bn pro \u00fa\u010dastn\u00edky v\u00fdzkumu &#8211; d\u011bti P\u0159ihl\u00e1\u0161ka k v\u00fdzkumu &#8211; rodi\u010d p\u0159ihla\u0161uje d\u00edt\u011b Let\u00e1\u010dek na &hellip; <\/p>\n<p class=\"link-more\"><a href=\"https:\/\/ksvi.mff.cuni.cz\/amulab\/index.php\/cs\/internet4kids\/\" class=\"more-link\">Continue reading<span class=\"screen-reader-text\"> &#8220;Internet4Kids&#8221;<\/span><\/a><\/p>\n","protected":false},"author":4,"featured_media":0,"parent":0,"menu_order":0,"comment_status":"closed","ping_status":"closed","template":"","meta":{"footnotes":""},"class_list":["post-975","page","type-page","status-publish","hentry"],"_links":{"self":[{"href":"https:\/\/ksvi.mff.cuni.cz\/amulab\/index.php\/wp-json\/wp\/v2\/pages\/975","targetHints":{"allow":["GET"]}}],"collection":[{"href":"https:\/\/ksvi.mff.cuni.cz\/amulab\/index.php\/wp-json\/wp\/v2\/pages"}],"about":[{"href":"https:\/\/ksvi.mff.cuni.cz\/amulab\/index.php\/wp-json\/wp\/v2\/types\/page"}],"author":[{"embeddable":true,"href":"https:\/\/ksvi.mff.cuni.cz\/amulab\/index.php\/wp-json\/wp\/v2\/users\/4"}],"replies":[{"embeddable":true,"href":"https:\/\/ksvi.mff.cuni.cz\/amulab\/index.php\/wp-json\/wp\/v2\/comments?post=975"}],"version-history":[{"count":22,"href":"https:\/\/ksvi.mff.cuni.cz\/amulab\/index.php\/wp-json\/wp\/v2\/pages\/975\/revisions"}],"predecessor-version":[{"id":1140,"href":"https:\/\/ksvi.mff.cuni.cz\/amulab\/index.php\/wp-json\/wp\/v2\/pages\/975\/revisions\/1140"}],"wp:attachment":[{"href":"https:\/\/ksvi.mff.cuni.cz\/amulab\/index.php\/wp-json\/wp\/v2\/media?parent=975"}],"curies":[{"name":"wp","href":"https:\/\/api.w.org\/{rel}","templated":true}]}}