{"id":900,"date":"2022-01-25T17:43:27","date_gmt":"2022-01-25T16:43:27","guid":{"rendered":"https:\/\/ksvi.mff.cuni.cz\/amulab\/?page_id=900"},"modified":"2024-10-31T18:52:33","modified_gmt":"2024-10-31T17:52:33","slug":"vyuka","status":"publish","type":"page","link":"https:\/\/ksvi.mff.cuni.cz\/amulab\/index.php\/cs\/vyuka\/","title":{"rendered":"V\u00fduka"},"content":{"rendered":"<ul>\n<li><a href=\"https:\/\/ksvi.mff.cuni.cz\/dvpp\/\">Informatika &#8211; Kurzy dal\u0161\u00edho vzd\u011bl\u00e1v\u00e1n\u00ed pedagogick\u00fdch pracovn\u00edk\u016f<\/a> (spole\u010dn\u011b s dal\u0161\u00edmi lidmi)<\/li>\n<li><a href=\"https:\/\/ksvi.mff.cuni.cz\/amulab\/index.php\/multimedia-learning-course\/\">Psychologick\u00fd v\u00fdzkum v multimedi\u00e1ln\u00edm vzd\u011bl\u00e1v\u00e1n\u00ed<\/a><\/li>\n<li><a href=\"https:\/\/is.cuni.cz\/studium\/predmety\/index.php?do=predmet&amp;kod=NPED048\">Pokro\u010dil\u00fd semin\u00e1\u0159 z didaktiky informatiky<\/a><\/li>\n<li><a href=\"https:\/\/is.cuni.cz\/studium\/eng\/predmety\/index.php?do=predmet&amp;kod=NPGR039\">\u00davod do animovan\u00e9 tvorby<\/a><\/li>\n<li><a href=\"https:\/\/is.cuni.cz\/studium\/eng\/predmety\/index.php?do=predmet&amp;kod=ANM50595\">Game Studies I<\/a><\/li>\n<li><a href=\"https:\/\/is.cuni.cz\/studium\/eng\/predmety\/index.php?do=predmet&amp;kod=ANM50596\">Game Studies II<\/a><\/li>\n<li><a href=\"https:\/\/is.cuni.cz\/studium\/eng\/predmety\/index.php?do=predmet&amp;kod=ANM50583\">Studia nov\u00fdch m\u00e9di\u00ed<\/a><\/li>\n<li><a href=\"https:\/\/is.cuni.cz\/studium\/eng\/predmety\/index.php?do=predmet&amp;kod=NAIL093\">Psan\u00ed v\u011bdeck\u00fdch text\u016f<\/a><\/li>\n<\/ul>\n\n\n<p><\/p>\n","protected":false},"excerpt":{"rendered":"<p>Informatika &#8211; Kurzy dal\u0161\u00edho vzd\u011bl\u00e1v\u00e1n\u00ed pedagogick\u00fdch pracovn\u00edk\u016f (spole\u010dn\u011b s dal\u0161\u00edmi lidmi) Psychologick\u00fd v\u00fdzkum v multimedi\u00e1ln\u00edm vzd\u011bl\u00e1v\u00e1n\u00ed Pokro\u010dil\u00fd semin\u00e1\u0159 z didaktiky informatiky \u00davod do animovan\u00e9 tvorby Game Studies I Game Studies II Studia nov\u00fdch m\u00e9di\u00ed Psan\u00ed v\u011bdeck\u00fdch text\u016f<\/p>\n","protected":false},"author":1,"featured_media":0,"parent":0,"menu_order":0,"comment_status":"closed","ping_status":"closed","template":"","meta":{"footnotes":""},"class_list":["post-900","page","type-page","status-publish","hentry"],"_links":{"self":[{"href":"https:\/\/ksvi.mff.cuni.cz\/amulab\/index.php\/wp-json\/wp\/v2\/pages\/900","targetHints":{"allow":["GET"]}}],"collection":[{"href":"https:\/\/ksvi.mff.cuni.cz\/amulab\/index.php\/wp-json\/wp\/v2\/pages"}],"about":[{"href":"https:\/\/ksvi.mff.cuni.cz\/amulab\/index.php\/wp-json\/wp\/v2\/types\/page"}],"author":[{"embeddable":true,"href":"https:\/\/ksvi.mff.cuni.cz\/amulab\/index.php\/wp-json\/wp\/v2\/users\/1"}],"replies":[{"embeddable":true,"href":"https:\/\/ksvi.mff.cuni.cz\/amulab\/index.php\/wp-json\/wp\/v2\/comments?post=900"}],"version-history":[{"count":5,"href":"https:\/\/ksvi.mff.cuni.cz\/amulab\/index.php\/wp-json\/wp\/v2\/pages\/900\/revisions"}],"predecessor-version":[{"id":1262,"href":"https:\/\/ksvi.mff.cuni.cz\/amulab\/index.php\/wp-json\/wp\/v2\/pages\/900\/revisions\/1262"}],"wp:attachment":[{"href":"https:\/\/ksvi.mff.cuni.cz\/amulab\/index.php\/wp-json\/wp\/v2\/media?parent=900"}],"curies":[{"name":"wp","href":"https:\/\/api.w.org\/{rel}","templated":true}]}}