{"id":896,"date":"2022-01-25T17:39:03","date_gmt":"2022-01-25T16:39:03","guid":{"rendered":"https:\/\/ksvi.mff.cuni.cz\/amulab\/?page_id=896"},"modified":"2022-02-24T10:03:48","modified_gmt":"2022-02-24T09:03:48","slug":"nabidka-prace","status":"publish","type":"page","link":"https:\/\/ksvi.mff.cuni.cz\/amulab\/index.php\/cs\/nabidka-prace\/","title":{"rendered":"Nab\u00eddka pr\u00e1ce"},"content":{"rendered":"\n<h1 class=\"wp-block-heading\">Pro studenty<\/h1>\n\n\n\n<p><\/p>\n\n\n\n<p>M\u016f\u017eete u n\u00e1s pracovat v r\u00e1mci st\u00e1\u017ee, na bakal\u00e1\u0159sk\u00e9, diplomov\u00e9 \u010di diserta\u010dn\u00ed pr\u00e1ci (\u010d\u00e1ste\u010dn\u011b nebo pln\u011b placen\u00e9).<\/p>\n\n\n\n<h2 class=\"wp-block-heading\"> T\u00e9mata<\/h2>\n\n\n\n<p><\/p>\n\n\n\n<ul class=\"wp-block-list\"><li>didaktika informatiky<\/li><li>vzd\u011bl\u00e1vac\u00ed hry pro d\u011bti<\/li><\/ul>\n\n\n\n<p><br> Mo\u017en\u00e1 v\u00e1s mohou zaj\u00edmat na\u0161e <a href=\"https:\/\/ksvi.mff.cuni.cz\/amulab\/index.php\/cs\/hlavni-projekty\/\">projekty<\/a> EduGames4Kids a Internet4Kids.<\/p>\n\n\n\n<p><br> Just drop us an email: <strong>amulab@ksvi.mff.cuni.cz<\/strong><\/p>\n","protected":false},"excerpt":{"rendered":"<p>Pro studenty M\u016f\u017eete u n\u00e1s pracovat v r\u00e1mci st\u00e1\u017ee, na bakal\u00e1\u0159sk\u00e9, diplomov\u00e9 \u010di diserta\u010dn\u00ed pr\u00e1ci (\u010d\u00e1ste\u010dn\u011b nebo pln\u011b placen\u00e9). T\u00e9mata didaktika informatiky vzd\u011bl\u00e1vac\u00ed hry pro d\u011bti Mo\u017en\u00e1 v\u00e1s mohou zaj\u00edmat na\u0161e projekty EduGames4Kids a Internet4Kids. Just drop us an email: amulab@ksvi.mff.cuni.cz<\/p>\n","protected":false},"author":1,"featured_media":0,"parent":0,"menu_order":0,"comment_status":"closed","ping_status":"closed","template":"","meta":{"footnotes":""},"class_list":["post-896","page","type-page","status-publish","hentry"],"_links":{"self":[{"href":"https:\/\/ksvi.mff.cuni.cz\/amulab\/index.php\/wp-json\/wp\/v2\/pages\/896","targetHints":{"allow":["GET"]}}],"collection":[{"href":"https:\/\/ksvi.mff.cuni.cz\/amulab\/index.php\/wp-json\/wp\/v2\/pages"}],"about":[{"href":"https:\/\/ksvi.mff.cuni.cz\/amulab\/index.php\/wp-json\/wp\/v2\/types\/page"}],"author":[{"embeddable":true,"href":"https:\/\/ksvi.mff.cuni.cz\/amulab\/index.php\/wp-json\/wp\/v2\/users\/1"}],"replies":[{"embeddable":true,"href":"https:\/\/ksvi.mff.cuni.cz\/amulab\/index.php\/wp-json\/wp\/v2\/comments?post=896"}],"version-history":[{"count":3,"href":"https:\/\/ksvi.mff.cuni.cz\/amulab\/index.php\/wp-json\/wp\/v2\/pages\/896\/revisions"}],"predecessor-version":[{"id":970,"href":"https:\/\/ksvi.mff.cuni.cz\/amulab\/index.php\/wp-json\/wp\/v2\/pages\/896\/revisions\/970"}],"wp:attachment":[{"href":"https:\/\/ksvi.mff.cuni.cz\/amulab\/index.php\/wp-json\/wp\/v2\/media?parent=896"}],"curies":[{"name":"wp","href":"https:\/\/api.w.org\/{rel}","templated":true}]}}