{"id":894,"date":"2022-01-25T17:37:53","date_gmt":"2022-01-25T16:37:53","guid":{"rendered":"https:\/\/ksvi.mff.cuni.cz\/amulab\/?page_id=894"},"modified":"2024-10-31T19:33:28","modified_gmt":"2024-10-31T18:33:28","slug":"clenove","status":"publish","type":"page","link":"https:\/\/ksvi.mff.cuni.cz\/amulab\/index.php\/cs\/clenove\/","title":{"rendered":"\u010clenov\u00e9"},"content":{"rendered":"<p><span style=\"font-size: 1.5rem;\">Zam\u011bstnanci<\/span><\/p>\n<h1><img loading=\"lazy\" decoding=\"async\" class=\"alignleft wp-image-197 size-medium\" src=\"https:\/\/ksvi.mff.cuni.cz\/amulab\/wp-content\/uploads\/2019\/02\/CB-1-218x300.jpg\" alt=\"\" width=\"218\" height=\"300\" srcset=\"https:\/\/ksvi.mff.cuni.cz\/amulab\/wp-content\/uploads\/2019\/02\/CB-1-218x300.jpg 218w, https:\/\/ksvi.mff.cuni.cz\/amulab\/wp-content\/uploads\/2019\/02\/CB-1.jpg 400w\" sizes=\"auto, (max-width: 218px) 100vw, 218px\" \/>Cyril Brom<\/h1>\n<p>P\u016fsob\u00ed jako docent na Matematicko-fyzik\u00e1ln\u00ed fakult\u011b Univerzity Karlovy. Zalo\u017eil a \u0159\u00edd\u00ed laborato\u0159 Amulab. Zaj\u00edm\u00e1 se p\u0159edev\u0161\u00edm o didaktiku informatiky a o to, jak se lid\u00e9 u\u010d\u00ed pomoc\u00ed multimedi\u00e1ln\u00edch materi\u00e1l\u016f, jako jsou animace nebo v\u00fdukov\u00e9 hry. Spolupracuje s <a href=\"http:\/\/decko.cz\">\u010ceskou Televiz\u00ed<\/a> na tvorb\u011b t\u011bchto materi\u00e1l\u016f. V minulosti se v\u011bnoval i um\u011bl\u00e9 inteligenci, v\u00fdpo\u010detn\u00edm neurov\u011bd\u00e1m a po\u010d\u00edta\u010dov\u00e9mu modelov\u00e1n\u00ed. Pod\u00edlel se na projektech <a href=\"https:\/\/www.kingdomcomerpg.com\/\">Kingdom Come: Deliverance<\/a>, <a href=\"http:\/\/cs3889.cz\">\u010ceskoslovensko 38-89<\/a> a <a href=\"http:\/\/pogamut.cuni.cz\/main\/tiki-index.php\">Pogamut<\/a>.<\/p>\n<h1><img loading=\"lazy\" decoding=\"async\" class=\"alignleft wp-image-189 size-medium\" src=\"https:\/\/ksvi.mff.cuni.cz\/amulab\/wp-content\/uploads\/2019\/02\/VS-218x300.jpg\" alt=\"\" width=\"218\" height=\"300\" srcset=\"https:\/\/ksvi.mff.cuni.cz\/amulab\/wp-content\/uploads\/2019\/02\/VS-218x300.jpg 218w, https:\/\/ksvi.mff.cuni.cz\/amulab\/wp-content\/uploads\/2019\/02\/VS.jpg 400w\" sizes=\"auto, (max-width: 218px) 100vw, 218px\" \/>V\u00edt \u0160isler<\/h1>\n<p>Odborn\u00fd asistent oboru <a href=\"http:\/\/novamedia.ff.cuni.cz\/\">Studia nov\u00fdch m\u00e9di\u00ed<\/a>. Ve sv\u00e9m<br \/>v\u00fdzkumu se v\u011bnuje informa\u010dn\u00edm a komunika\u010dn\u00edm technologi\u00edm na Bl\u00edzk\u00e9m v\u00fdchod\u011b, v\u00fdukov\u00fdm hr\u00e1m a simulac\u00edm a po\u010d\u00edta\u010dov\u00fdm hr\u00e1m. B\u011bhem doktorsk\u00e9ho studia absolvoval na Fulbrightov\u011b stipendiu v\u011bdeckou st\u00e1\u017e<br \/>na Northwestern University v Chicagu. Je zakl\u00e1daj\u00edc\u00edm \u010dlenem studia Charles Games, hlavn\u00edm designerem po\u010d\u00edta\u010dov\u00fdch her <a href=\"https:\/\/attentat1942.com\/\">Attentat 1942<\/a> a <a href=\"https:\/\/svoboda1945.com\/cs\/\">Svoboda 1945: Liberation<\/a> a v\u00fdkonn\u00fdm editorem v\u011bdeck\u00e9ho \u010dasopisu<br \/><a href=\"https:\/\/cyberorient.net\/\">CyberOrient<\/a>.\u00a0<\/p>\n<h1><img loading=\"lazy\" decoding=\"async\" class=\"alignleft size-medium wp-image-191\" src=\"https:\/\/ksvi.mff.cuni.cz\/amulab\/wp-content\/uploads\/2019\/02\/LK-218x300.jpg\" alt=\"\" width=\"218\" height=\"300\" srcset=\"https:\/\/ksvi.mff.cuni.cz\/amulab\/wp-content\/uploads\/2019\/02\/LK-218x300.jpg 218w, https:\/\/ksvi.mff.cuni.cz\/amulab\/wp-content\/uploads\/2019\/02\/LK.jpg 400w\" sizes=\"auto, (max-width: 218px) 100vw, 218px\" \/>Luk\u00e1\u0161 Kolek<\/h1>\n<p>Ve sv\u00e9 akademick\u00e9 pr\u00e1ci se zab\u00fdv\u00e1 experiment\u00e1ln\u00edm v\u00fdzkumem videoher a jejich dopady na hr\u00e1\u010de. V Amulabu \u0159e\u0161\u00ed p\u0159edev\u0161\u00edm projekty &#8220;Videohry, hr\u00e1\u010di a postoje&#8221;, kter\u00fd je zam\u011b\u0159en v\u00fdzkum zm\u011bn postoj\u016f hr\u00e1\u010d\u016f videoher, a na projekt &#8220;Hern\u00ed analytiky a v\u00fdsledky intraperson\u00e1ln\u00edho u\u010den\u00ed&#8221;, kter\u00fd zkoum\u00e1 zp\u016fsoby vyu\u017eit\u00ed hern\u00edch analytik p\u0159i v\u00fdzkumu vlivu videoher na hr\u00e1\u010de mimo laboratorn\u00ed prost\u0159ed\u00ed. Z\u00e1rove\u0148 je CEO a spoluzakladatelem hern\u00edho studia Charles Games zam\u011b\u0159en\u00e9ho na tvorbu experiment\u00e1ln\u00edch her a her se spole\u010densk\u00fdm p\u0159esahem jako <a href=\"http:\/\/attentat1942.com\/game\" target=\"_blank\" rel=\"noopener noreferrer\" data-saferedirecturl=\"https:\/\/www.google.com\/url?q=http:\/\/attentat1942.com\/game&amp;source=gmail&amp;ust=1612878942547000&amp;usg=AFQjCNHz0gwkmaLvfx7j9_ktzZ4LHdyzcQ\">Attentat 1942<\/a> anebo <a href=\"https:\/\/svoboda1945.com\/\">Svoboda 1945: Liberation.<\/a><\/p>\n<hr \/>\n<h1>Doktorandi<\/h1>\n<h1><img loading=\"lazy\" decoding=\"async\" class=\"alignleft wp-image-271 size-medium\" src=\"https:\/\/ksvi.mff.cuni.cz\/amulab\/wp-content\/uploads\/2019\/02\/TT-218x300.jpg\" alt=\"\" width=\"218\" height=\"300\" srcset=\"https:\/\/ksvi.mff.cuni.cz\/amulab\/wp-content\/uploads\/2019\/02\/TT-218x300.jpg 218w, https:\/\/ksvi.mff.cuni.cz\/amulab\/wp-content\/uploads\/2019\/02\/TT.jpg 400w\" sizes=\"auto, (max-width: 218px) 100vw, 218px\" \/>Tereza Tetourov\u00e1<\/h1>\n<p>Tereza Tetourov\u00e1 vystudovala jednooborovou psychologii na Pedagogick\u00e9 fakult\u011b Univerzity Karlovy, kde aktu\u00e1ln\u011b pokra\u010duje v doktorsk\u00e9m studiu. Jej\u00edm v\u00fdzkumn\u00fdm z\u00e1jmem je efekt (resp. vliv) multimedi\u00e1ln\u00edch materi\u00e1l\u016f na u\u010den\u00ed d\u011bt\u00ed \u0161koln\u00edho v\u011bku. Specializuje se na multimedi\u00e1ln\u00ed materi\u00e1ly pro \u017e\u00e1ky s poruchou autistick\u00e9ho spektra, pro n\u011b\u017e ve spolupr\u00e1ci s Ond\u0159ejem Javorou vytvo\u0159ila <a href=\"https:\/\/ksvi.mff.cuni.cz\/amulab\/index.php\/cs\/hynek-app-cz\/\">aplikaci<\/a>\u00a0na rozvoj soci\u00e1ln\u00edho porozum\u011bn\u00ed a soci\u00e1ln\u00edch dovednost\u00ed. Zab\u00fdv\u00e1 se tak\u00e9 validac\u00ed zahrani\u010dn\u00ed hodnot\u00edc\u00ed stupnice pro mapov\u00e1n\u00ed soci\u00e1ln\u00edch dovednost\u00ed d\u011bt\u00ed mlad\u0161\u00edho \u0161koln\u00edho v\u011bku.<\/p>\n<h1><img loading=\"lazy\" decoding=\"async\" class=\"alignleft wp-image-957 size-medium\" src=\"https:\/\/ksvi.mff.cuni.cz\/amulab\/wp-content\/uploads\/2022\/02\/AY-1-218x300.jpg\" alt=\"\" width=\"218\" height=\"300\" srcset=\"https:\/\/ksvi.mff.cuni.cz\/amulab\/wp-content\/uploads\/2022\/02\/AY-1-218x300.jpg 218w, https:\/\/ksvi.mff.cuni.cz\/amulab\/wp-content\/uploads\/2022\/02\/AY-1.jpg 400w\" sizes=\"auto, (max-width: 218px) 100vw, 218px\" \/>Anna Yaghobov\u00e1<\/h1>\n<p>Vystudovala u\u010ditelstv\u00ed matematiky a informatiky na Matfyzu a pokra\u010duje na doktor\u00e1tu v oblasti didaktiky informatiky. Zab\u00fdv\u00e1 se hlavn\u011b prekoncepcemi v oblasti po\u010d\u00edta\u010dov\u00fdch s\u00edt\u00ed a hardware.<\/p>\n<h1><img loading=\"lazy\" decoding=\"async\" class=\"alignleft wp-image-958 size-medium\" src=\"https:\/\/ksvi.mff.cuni.cz\/amulab\/wp-content\/uploads\/2022\/02\/AD-1-218x300.jpg\" alt=\"\" width=\"218\" height=\"300\" srcset=\"https:\/\/ksvi.mff.cuni.cz\/amulab\/wp-content\/uploads\/2022\/02\/AD-1-218x300.jpg 218w, https:\/\/ksvi.mff.cuni.cz\/amulab\/wp-content\/uploads\/2022\/02\/AD-1.jpg 400w\" sizes=\"auto, (max-width: 218px) 100vw, 218px\" \/>Anna Drobn\u00e1<\/h1>\n<p>Vystudovala u\u010ditelstv\u00ed pro 1. stupe\u0148 Z\u0160 na Pedagogick\u00e9 fakult\u011b Univerzity Karlovy. Nyn\u00ed se v\u011bnuje zejm\u00e9na v\u00fdzkumu v oblasti v\u00fduky digit\u00e1ln\u00edch technologi\u00ed na prim\u00e1rn\u00edm stupni vzd\u011bl\u00e1v\u00e1n\u00ed. Je spoluautorkou didaktick\u00fdch materi\u00e1l\u016f k seri\u00e1lu Datov\u00e1 Lhota.<\/p>\n<hr \/>\n<h1>Magister\u0161t\u00ed studenti<\/h1>\n\n\n<h2 class=\"wp-block-heading\">Monika Bo\u0161\u00e1niov\u00e1<\/h2>\n\n\n\n<h2 class=\"wp-block-heading\">Ond\u0159ej Pet\u00ed\u0159<\/h2>\n\n\n\n<h2 class=\"wp-block-heading\">Ond\u0159ej Kohut<\/h2>\n\n\n\n<h2 class=\"wp-block-heading\">David N\u00e1pravn\u00edk<\/h2>\n\n\n\n<p><\/p>\n","protected":false},"excerpt":{"rendered":"<p>Zam\u011bstnanci Cyril Brom P\u016fsob\u00ed jako docent na Matematicko-fyzik\u00e1ln\u00ed fakult\u011b Univerzity Karlovy. Zalo\u017eil a \u0159\u00edd\u00ed laborato\u0159 Amulab. Zaj\u00edm\u00e1 se p\u0159edev\u0161\u00edm o didaktiku informatiky a o to, jak se lid\u00e9 u\u010d\u00ed pomoc\u00ed multimedi\u00e1ln\u00edch materi\u00e1l\u016f, jako jsou animace nebo v\u00fdukov\u00e9 hry. Spolupracuje s \u010ceskou Televiz\u00ed na tvorb\u011b t\u011bchto materi\u00e1l\u016f. V minulosti se v\u011bnoval i um\u011bl\u00e9 inteligenci, v\u00fdpo\u010detn\u00edm neurov\u011bd\u00e1m &hellip; <\/p>\n<p class=\"link-more\"><a href=\"https:\/\/ksvi.mff.cuni.cz\/amulab\/index.php\/cs\/clenove\/\" class=\"more-link\">Continue reading<span class=\"screen-reader-text\"> &#8220;\u010clenov\u00e9&#8221;<\/span><\/a><\/p>\n","protected":false},"author":1,"featured_media":0,"parent":0,"menu_order":0,"comment_status":"closed","ping_status":"closed","template":"","meta":{"footnotes":""},"class_list":["post-894","page","type-page","status-publish","hentry"],"_links":{"self":[{"href":"https:\/\/ksvi.mff.cuni.cz\/amulab\/index.php\/wp-json\/wp\/v2\/pages\/894","targetHints":{"allow":["GET"]}}],"collection":[{"href":"https:\/\/ksvi.mff.cuni.cz\/amulab\/index.php\/wp-json\/wp\/v2\/pages"}],"about":[{"href":"https:\/\/ksvi.mff.cuni.cz\/amulab\/index.php\/wp-json\/wp\/v2\/types\/page"}],"author":[{"embeddable":true,"href":"https:\/\/ksvi.mff.cuni.cz\/amulab\/index.php\/wp-json\/wp\/v2\/users\/1"}],"replies":[{"embeddable":true,"href":"https:\/\/ksvi.mff.cuni.cz\/amulab\/index.php\/wp-json\/wp\/v2\/comments?post=894"}],"version-history":[{"count":26,"href":"https:\/\/ksvi.mff.cuni.cz\/amulab\/index.php\/wp-json\/wp\/v2\/pages\/894\/revisions"}],"predecessor-version":[{"id":1288,"href":"https:\/\/ksvi.mff.cuni.cz\/amulab\/index.php\/wp-json\/wp\/v2\/pages\/894\/revisions\/1288"}],"wp:attachment":[{"href":"https:\/\/ksvi.mff.cuni.cz\/amulab\/index.php\/wp-json\/wp\/v2\/media?parent=894"}],"curies":[{"name":"wp","href":"https:\/\/api.w.org\/{rel}","templated":true}]}}