{"id":892,"date":"2022-01-25T17:37:18","date_gmt":"2022-01-25T16:37:18","guid":{"rendered":"https:\/\/ksvi.mff.cuni.cz\/amulab\/?page_id=892"},"modified":"2024-10-12T19:27:26","modified_gmt":"2024-10-12T17:27:26","slug":"spoluprace","status":"publish","type":"page","link":"https:\/\/ksvi.mff.cuni.cz\/amulab\/index.php\/cs\/spoluprace\/","title":{"rendered":"Spolupr\u00e1ce"},"content":{"rendered":"<h1><a href=\"https:\/\/aidetem.cz\/\">AI d\u011btem<\/a><\/h1>\n<ul>\n<li style=\"list-style-type: none;\">\n<ul>\n<li>Konzultace vzd\u011bl\u00e1vac\u00edch materi\u00e1l\u016f pro z\u00e1kladn\u00ed \u0161koly o um\u011bl\u00e9 inteligenci<\/li>\n<\/ul>\n<\/li>\n<\/ul>\n<h1><a href=\"https:\/\/decko.ceskatelevize.cz\/\">\u010cesk\u00e1 Televize, V\u00fdvoj a nov\u00e1 m\u00e9dia &#8211; decko.cz a ctart.cz<\/a><\/h1>\n<ul>\n<li style=\"list-style-type: none;\">\n<ul>\n<li>V\u00fdzkum vzd\u011bl\u00e1vac\u00edch efekt\u016f v\u00fdukov\u00fdch her a animovan\u00fdch materi\u00e1l\u016f<\/li>\n<li>Tvorba vzd\u011bl\u00e1vac\u00edch animac\u00ed a seri\u00e1l\u016f<\/li>\n<\/ul>\n<\/li>\n<\/ul>\n<h1><a href=\"https:\/\/charlesgames.net\/\">Charles Games<\/a><\/h1>\n<ul>\n<li style=\"list-style-type: none;\">\n<ul>\n<li class=\"moz-quote-pre\">V\u00fdzkum vzd\u011bl\u00e1vac\u00edch efekt\u016f po\u010d\u00edta\u010dov\u00fdch her<\/li>\n<li class=\"moz-quote-pre\">V\u00fdvoj v\u00fdukov\u00fdch her<\/li>\n<\/ul>\n<\/li>\n<\/ul>\n<h1><a href=\"http:\/\/labels.ff.cuni.cz\" target=\"_blank\" rel=\"noopener noreferrer\">Laborato\u0159 behavior\u00e1ln\u00edch a lingvistick\u00fdch studi\u00ed AV \u010cR<\/a><\/h1>\n<ul>\n<li style=\"list-style-type: none;\">\n<ul>\n<li>V\u00fdzkum u\u010den\u00ed prost\u0159ednictv\u00edm multim\u00e9di\u00ed<\/li>\n<li>V\u00fdzkum pomoc\u00ed eye-trackingu<\/li>\n<\/ul>\n<\/li>\n<\/ul>\n<ul>\n<li style=\"list-style-type: none;\"><\/li>\n<\/ul>\n<h1><a href=\"https:\/\/gamedev.cuni.cz\/home\/\" target=\"_blank\" rel=\"noopener noreferrer\">Gamedev @ Charles Uni<\/a><\/h1>\n<ul>\n<li style=\"list-style-type: none;\">\n<ul>\n<li>V\u00fduka v oblasti v\u00fdvoje po\u010d\u00edta\u010dov\u00fdch her<\/li>\n<\/ul>\n<\/li>\n<\/ul>\n<ul>\n<li style=\"list-style-type: none;\"><\/li>\n<\/ul>\n","protected":false},"excerpt":{"rendered":"<p>AI d\u011btem Konzultace vzd\u011bl\u00e1vac\u00edch materi\u00e1l\u016f pro z\u00e1kladn\u00ed \u0161koly o um\u011bl\u00e9 inteligenci \u010cesk\u00e1 Televize, V\u00fdvoj a nov\u00e1 m\u00e9dia &#8211; decko.cz a ctart.cz V\u00fdzkum vzd\u011bl\u00e1vac\u00edch efekt\u016f v\u00fdukov\u00fdch her a animovan\u00fdch materi\u00e1l\u016f Tvorba vzd\u011bl\u00e1vac\u00edch animac\u00ed a seri\u00e1l\u016f Charles Games V\u00fdzkum vzd\u011bl\u00e1vac\u00edch efekt\u016f po\u010d\u00edta\u010dov\u00fdch her V\u00fdvoj v\u00fdukov\u00fdch her Laborato\u0159 behavior\u00e1ln\u00edch a lingvistick\u00fdch studi\u00ed AV \u010cR V\u00fdzkum u\u010den\u00ed prost\u0159ednictv\u00edm multim\u00e9di\u00ed &hellip; <\/p>\n<p class=\"link-more\"><a href=\"https:\/\/ksvi.mff.cuni.cz\/amulab\/index.php\/cs\/spoluprace\/\" class=\"more-link\">Continue reading<span class=\"screen-reader-text\"> &#8220;Spolupr\u00e1ce&#8221;<\/span><\/a><\/p>\n","protected":false},"author":1,"featured_media":0,"parent":0,"menu_order":0,"comment_status":"closed","ping_status":"closed","template":"","meta":{"footnotes":""},"class_list":["post-892","page","type-page","status-publish","hentry"],"_links":{"self":[{"href":"https:\/\/ksvi.mff.cuni.cz\/amulab\/index.php\/wp-json\/wp\/v2\/pages\/892","targetHints":{"allow":["GET"]}}],"collection":[{"href":"https:\/\/ksvi.mff.cuni.cz\/amulab\/index.php\/wp-json\/wp\/v2\/pages"}],"about":[{"href":"https:\/\/ksvi.mff.cuni.cz\/amulab\/index.php\/wp-json\/wp\/v2\/types\/page"}],"author":[{"embeddable":true,"href":"https:\/\/ksvi.mff.cuni.cz\/amulab\/index.php\/wp-json\/wp\/v2\/users\/1"}],"replies":[{"embeddable":true,"href":"https:\/\/ksvi.mff.cuni.cz\/amulab\/index.php\/wp-json\/wp\/v2\/comments?post=892"}],"version-history":[{"count":8,"href":"https:\/\/ksvi.mff.cuni.cz\/amulab\/index.php\/wp-json\/wp\/v2\/pages\/892\/revisions"}],"predecessor-version":[{"id":1255,"href":"https:\/\/ksvi.mff.cuni.cz\/amulab\/index.php\/wp-json\/wp\/v2\/pages\/892\/revisions\/1255"}],"wp:attachment":[{"href":"https:\/\/ksvi.mff.cuni.cz\/amulab\/index.php\/wp-json\/wp\/v2\/media?parent=892"}],"curies":[{"name":"wp","href":"https:\/\/api.w.org\/{rel}","templated":true}]}}