{"id":792,"date":"2022-01-22T18:04:20","date_gmt":"2022-01-22T17:04:20","guid":{"rendered":"https:\/\/ksvi.mff.cuni.cz\/amulab\/?page_id=792"},"modified":"2022-01-24T16:44:49","modified_gmt":"2022-01-24T15:44:49","slug":"cesta-k-nam-2","status":"publish","type":"page","link":"https:\/\/ksvi.mff.cuni.cz\/amulab\/index.php\/cs\/cesta-k-nam-2\/","title":{"rendered":"Cesta k n\u00e1m"},"content":{"rendered":"\n<p>S\u00eddl\u00edme v nov\u00e9 budov\u011b Matematicko-fyzik\u00e1ln\u00ed fakulty v pavilonu IMPAKT v Tr\u00f3ji na adrese <strong>V\u00a0Hole\u0161ovi\u010dk\u00e1ch 747\/2, 180 00, Praha 8<\/strong>.<\/p>\n\n\n\n<p>K Trojsk\u00e9mu are\u00e1lu se dostanete autem nebo MHD: 5-10 min ze stanice metra N\u00e1dra\u017e\u00ed Hole\u0161ovice autobusem 112 do zast\u00e1vky Pelc Tyrolka nebo autobusem 201 do zast\u00e1vky Kuchy\u0148ka. <a href=\"https:\/\/mapy.cz\/s\/gojajedaro\">Pl\u00e1nek je zde<\/a>. <\/p>\n\n\n\n<p>Pokud jdete na experiment, pros\u00edme v\u00e1s, abyste v\u00a0uveden\u00e9m term\u00ednu dorazili na <strong>vr\u00e1tnici<\/strong> pavilonu IMPAKT.<\/p>\n\n\n\n<figure class=\"wp-block-image size-large\"><img loading=\"lazy\" decoding=\"async\" width=\"800\" height=\"600\" src=\"https:\/\/ksvi.mff.cuni.cz\/amulab\/wp-content\/uploads\/2020\/06\/impakt2.jpg\" alt=\"\" class=\"wp-image-566\" srcset=\"https:\/\/ksvi.mff.cuni.cz\/amulab\/wp-content\/uploads\/2020\/06\/impakt2.jpg 800w, https:\/\/ksvi.mff.cuni.cz\/amulab\/wp-content\/uploads\/2020\/06\/impakt2-300x225.jpg 300w, https:\/\/ksvi.mff.cuni.cz\/amulab\/wp-content\/uploads\/2020\/06\/impakt2-768x576.jpg 768w\" sizes=\"auto, (max-width: 767px) 89vw, (max-width: 1000px) 54vw, (max-width: 1071px) 543px, 580px\" \/><figcaption> Vstup do pavilonu IMPAKT &#8211; pohled od magistr\u00e1ly: tudy p\u0159ijdete, kdy\u017e p\u0159ijedete autobusem 201 ze zast\u00e1vky N\u00e1dra\u017e\u00ed Hole\u0161ovice. <\/figcaption><\/figure>\n\n\n\n<figure class=\"wp-block-image size-large\"><img loading=\"lazy\" decoding=\"async\" width=\"800\" height=\"600\" src=\"https:\/\/ksvi.mff.cuni.cz\/amulab\/wp-content\/uploads\/2020\/06\/impakt3.jpg\" alt=\"\" class=\"wp-image-568\" srcset=\"https:\/\/ksvi.mff.cuni.cz\/amulab\/wp-content\/uploads\/2020\/06\/impakt3.jpg 800w, https:\/\/ksvi.mff.cuni.cz\/amulab\/wp-content\/uploads\/2020\/06\/impakt3-300x225.jpg 300w, https:\/\/ksvi.mff.cuni.cz\/amulab\/wp-content\/uploads\/2020\/06\/impakt3-768x576.jpg 768w\" sizes=\"auto, (max-width: 767px) 89vw, (max-width: 1000px) 54vw, (max-width: 1071px) 543px, 580px\" \/><figcaption>Pavilon IMPAKT &#8211; pohled z jihu od \u0159eky.<\/figcaption><\/figure>\n","protected":false},"excerpt":{"rendered":"<p>S\u00eddl\u00edme v nov\u00e9 budov\u011b Matematicko-fyzik\u00e1ln\u00ed fakulty v pavilonu IMPAKT v Tr\u00f3ji na adrese V\u00a0Hole\u0161ovi\u010dk\u00e1ch 747\/2, 180 00, Praha 8. K Trojsk\u00e9mu are\u00e1lu se dostanete autem nebo MHD: 5-10 min ze stanice metra N\u00e1dra\u017e\u00ed Hole\u0161ovice autobusem 112 do zast\u00e1vky Pelc Tyrolka nebo autobusem 201 do zast\u00e1vky Kuchy\u0148ka. Pl\u00e1nek je zde. Pokud jdete na experiment, pros\u00edme v\u00e1s, &hellip; <\/p>\n<p class=\"link-more\"><a href=\"https:\/\/ksvi.mff.cuni.cz\/amulab\/index.php\/cs\/cesta-k-nam-2\/\" class=\"more-link\">Continue reading<span class=\"screen-reader-text\"> &#8220;Cesta k n\u00e1m&#8221;<\/span><\/a><\/p>\n","protected":false},"author":2,"featured_media":0,"parent":0,"menu_order":0,"comment_status":"closed","ping_status":"closed","template":"","meta":{"footnotes":""},"class_list":["post-792","page","type-page","status-publish","hentry"],"_links":{"self":[{"href":"https:\/\/ksvi.mff.cuni.cz\/amulab\/index.php\/wp-json\/wp\/v2\/pages\/792","targetHints":{"allow":["GET"]}}],"collection":[{"href":"https:\/\/ksvi.mff.cuni.cz\/amulab\/index.php\/wp-json\/wp\/v2\/pages"}],"about":[{"href":"https:\/\/ksvi.mff.cuni.cz\/amulab\/index.php\/wp-json\/wp\/v2\/types\/page"}],"author":[{"embeddable":true,"href":"https:\/\/ksvi.mff.cuni.cz\/amulab\/index.php\/wp-json\/wp\/v2\/users\/2"}],"replies":[{"embeddable":true,"href":"https:\/\/ksvi.mff.cuni.cz\/amulab\/index.php\/wp-json\/wp\/v2\/comments?post=792"}],"version-history":[{"count":2,"href":"https:\/\/ksvi.mff.cuni.cz\/amulab\/index.php\/wp-json\/wp\/v2\/pages\/792\/revisions"}],"predecessor-version":[{"id":874,"href":"https:\/\/ksvi.mff.cuni.cz\/amulab\/index.php\/wp-json\/wp\/v2\/pages\/792\/revisions\/874"}],"wp:attachment":[{"href":"https:\/\/ksvi.mff.cuni.cz\/amulab\/index.php\/wp-json\/wp\/v2\/media?parent=792"}],"curies":[{"name":"wp","href":"https:\/\/api.w.org\/{rel}","templated":true}]}}