{"id":745,"date":"2021-09-07T19:58:34","date_gmt":"2021-09-07T17:58:34","guid":{"rendered":"https:\/\/ksvi.mff.cuni.cz\/amulab\/?page_id=745"},"modified":"2022-12-04T20:05:52","modified_gmt":"2022-12-04T19:05:52","slug":"ucitele-2","status":"publish","type":"page","link":"https:\/\/ksvi.mff.cuni.cz\/amulab\/index.php\/cs\/ucitele-2\/","title":{"rendered":"Prekoncepce u\u010ditel\u016f"},"content":{"rendered":"\n<p><a href=\"#projekt\">O projektu<\/a><br><a href=\"#tym\">T\u00fdm<br><\/a><a href=\"#info\">Informace pro \u00fa\u010dastn\u00edky<br><\/a><a href=\"#kontakt\">Kontakt<\/a><\/p>\n\n\n\n<p class=\"has-text-align-center\" style=\"font-size:11px\"><em>(For language preferences scroll down.)<\/em><\/p>\n\n\n\n<figure class=\"wp-block-image size-large\"><img loading=\"lazy\" decoding=\"async\" width=\"1024\" height=\"858\" src=\"https:\/\/ksvi.mff.cuni.cz\/amulab\/wp-content\/uploads\/2021\/09\/call_ucitele-1024x858.png\" alt=\"\" class=\"wp-image-762\" srcset=\"https:\/\/ksvi.mff.cuni.cz\/amulab\/wp-content\/uploads\/2021\/09\/call_ucitele-1024x858.png 1024w, https:\/\/ksvi.mff.cuni.cz\/amulab\/wp-content\/uploads\/2021\/09\/call_ucitele-300x251.png 300w, https:\/\/ksvi.mff.cuni.cz\/amulab\/wp-content\/uploads\/2021\/09\/call_ucitele-768x644.png 768w, https:\/\/ksvi.mff.cuni.cz\/amulab\/wp-content\/uploads\/2021\/09\/call_ucitele-1536x1288.png 1536w, https:\/\/ksvi.mff.cuni.cz\/amulab\/wp-content\/uploads\/2021\/09\/call_ucitele.png 1880w\" sizes=\"auto, (max-width: 767px) 89vw, (max-width: 1000px) 54vw, (max-width: 1071px) 543px, 580px\" \/><\/figure>\n\n\n\n<h1 class=\"wp-block-heading\" id=\"projekt\">O projektu<\/h1>\n\n\n\n<p>Studie se zab\u00fdv\u00e1 hled\u00e1n\u00edm a katalogizac\u00ed prekoncepc\u00ed o struktu\u0159e a fungov\u00e1n\u00ed internetu u lid\u00ed\u00a0r\u016fzn\u00fdch v\u011bkov\u00fdch kategori\u00ed. Zkoum\u00e1, co se o internetu mohou dozv\u011bd\u011bt a v \u010dem spo\u010d\u00edv\u00e1 nej\u010dast\u011bj\u0161\u00ed neporozum\u011bn\u00ed. Z\u00edskan\u00e9 informace budou mj. vyu\u017eit\u00e9 pro tvorbu v\u00fdukov\u00fdch materi\u00e1l\u016f o t\u00e9to problematice pro \u017e\u00e1ky i u\u010ditele.<br>\u010c\u00e1ste\u010dn\u011b jsme ji\u017e dokon\u010dili katalog d\u011btsk\u00fdch prekoncepc\u00ed, nyn\u00ed se zam\u011b\u0159ujeme na <strong>u\u010ditele informatiky, kte\u0159\u00ed p\u016fvodn\u011b u\u010ditelstv\u00ed informatiky nestudovali<\/strong>, a maj\u00ed praxi s jakoukoli v\u00fdukou na z\u00e1kladn\u00ed \u010di st\u0159edn\u00ed \u0161kole v\u00edce ne\u017e t\u0159i roky (pokud m\u00e1te krat\u0161\u00ed praxi, pod\u00edvejte se pros\u00edm <a href=\"https:\/\/ksvi.mff.cuni.cz\/amulab\/index.php\/cs\/ucitele-3\/\">sem<\/a>).<br>Jde n\u00e1m zejm\u00e9na o u\u010ditele, kte\u0159\u00ed informatiku podle nov\u00e9ho RVP budou u\u010dit, ale takzvan\u011b na ni nemaj\u00ed \u201caprobaci\u201d. Studie se t\u00fdk\u00e1 u\u010ditel\u016f z 1. stupn\u011b, 2. stupn\u011b i ni\u017e\u0161\u00edch gymn\u00e1zi\u00ed.<\/p>\n\n\n\n<h1 class=\"wp-block-heading\" id=\"tym\">T\u00fdm<\/h1>\n\n\n\n<p><strong>Anna Yaghobov\u00e1<\/strong> &#8211; autor<br><strong>Anna Drobn\u00e1<\/strong> &#8211; autor<br><strong>Cyril Brom<\/strong> &#8211; supervizor<\/p>\n\n\n\n<h1 class=\"wp-block-heading\" id=\"info\">Informace pro \u00fa\u010dastn\u00edky<\/h1>\n\n\n\n<p>V\u00fdzkum bude prob\u00edhat online. Skl\u00e1d\u00e1 se ze dvou hovor\u016f p\u0159es Zoom, kter\u00e9 nebudou trvat d\u00e9le ne\u017e 45 minut. Ka\u017ed\u00fd \u00fa\u010dastn\u00edk m\u00e1 n\u00e1rok na finan\u010dn\u00ed odm\u011bnu 700 korun v hrub\u00e9m, co\u017e je 595 korun v \u010dist\u00e9m. Pros\u00edme v\u0161echny \u00fa\u010dastn\u00edky, aby si t\u00e9mata nedostudov\u00e1vali dop\u0159edu nebo v pr\u016fb\u011bhu experimentu, naru\u0161ilo by to pr\u016fb\u011bh experimentu.<\/p>\n\n\n\n<p>Pro p\u0159ihl\u00e1\u0161en\u00ed do v\u00fdzkumu, pros\u00edme, vypl\u0148te <a href=\"https:\/\/forms.office.com\/r\/1ZeHcXGRet\">tento formul\u00e1\u0159<\/a>.<\/p>\n\n\n\n<h1 class=\"wp-block-heading\" id=\"kontakt\">Kontakt<\/h1>\n\n\n\n<p>Pro v\u00edce informac\u00ed kontaktujte Annu Yaghobovou<br><a href=\"mailto:yaghobova@ksvi.mff.cuni.cz\">yaghobova@ksvi.mff.cuni.cz<\/a><\/p>\n","protected":false},"excerpt":{"rendered":"<p>O projektuT\u00fdmInformace pro \u00fa\u010dastn\u00edkyKontakt (For language preferences scroll down.) O projektu Studie se zab\u00fdv\u00e1 hled\u00e1n\u00edm a katalogizac\u00ed prekoncepc\u00ed o struktu\u0159e a fungov\u00e1n\u00ed internetu u lid\u00ed\u00a0r\u016fzn\u00fdch v\u011bkov\u00fdch kategori\u00ed. Zkoum\u00e1, co se o internetu mohou dozv\u011bd\u011bt a v \u010dem spo\u010d\u00edv\u00e1 nej\u010dast\u011bj\u0161\u00ed neporozum\u011bn\u00ed. Z\u00edskan\u00e9 informace budou mj. vyu\u017eit\u00e9 pro tvorbu v\u00fdukov\u00fdch materi\u00e1l\u016f o t\u00e9to problematice pro \u017e\u00e1ky i &hellip; <\/p>\n<p class=\"link-more\"><a href=\"https:\/\/ksvi.mff.cuni.cz\/amulab\/index.php\/cs\/ucitele-2\/\" class=\"more-link\">Continue reading<span class=\"screen-reader-text\"> &#8220;Prekoncepce u\u010ditel\u016f&#8221;<\/span><\/a><\/p>\n","protected":false},"author":4,"featured_media":0,"parent":0,"menu_order":0,"comment_status":"closed","ping_status":"closed","template":"","meta":{"footnotes":""},"class_list":["post-745","page","type-page","status-publish","hentry"],"_links":{"self":[{"href":"https:\/\/ksvi.mff.cuni.cz\/amulab\/index.php\/wp-json\/wp\/v2\/pages\/745","targetHints":{"allow":["GET"]}}],"collection":[{"href":"https:\/\/ksvi.mff.cuni.cz\/amulab\/index.php\/wp-json\/wp\/v2\/pages"}],"about":[{"href":"https:\/\/ksvi.mff.cuni.cz\/amulab\/index.php\/wp-json\/wp\/v2\/types\/page"}],"author":[{"embeddable":true,"href":"https:\/\/ksvi.mff.cuni.cz\/amulab\/index.php\/wp-json\/wp\/v2\/users\/4"}],"replies":[{"embeddable":true,"href":"https:\/\/ksvi.mff.cuni.cz\/amulab\/index.php\/wp-json\/wp\/v2\/comments?post=745"}],"version-history":[{"count":14,"href":"https:\/\/ksvi.mff.cuni.cz\/amulab\/index.php\/wp-json\/wp\/v2\/pages\/745\/revisions"}],"predecessor-version":[{"id":1161,"href":"https:\/\/ksvi.mff.cuni.cz\/amulab\/index.php\/wp-json\/wp\/v2\/pages\/745\/revisions\/1161"}],"wp:attachment":[{"href":"https:\/\/ksvi.mff.cuni.cz\/amulab\/index.php\/wp-json\/wp\/v2\/media?parent=745"}],"curies":[{"name":"wp","href":"https:\/\/api.w.org\/{rel}","templated":true}]}}