{"id":663,"date":"2021-04-01T11:31:13","date_gmt":"2021-04-01T09:31:13","guid":{"rendered":"https:\/\/ksvi.mff.cuni.cz\/amulab\/?page_id=663"},"modified":"2022-03-30T09:36:09","modified_gmt":"2022-03-30T07:36:09","slug":"hynek-app-cz","status":"publish","type":"page","link":"https:\/\/ksvi.mff.cuni.cz\/amulab\/index.php\/cs\/hynek-app-cz\/","title":{"rendered":"Hynek App"},"content":{"rendered":"\n<p><strong><a href=\"#popis\" data-type=\"internal\" data-id=\"#popis\">Stru\u010dn\u00e1 charakteristika<\/a><br><a href=\"#cilova\" data-type=\"internal\" data-id=\"#cilova\">C\u00edlov\u00e1 skupina<\/a><br><a href=\"#vyuziti\" data-type=\"internal\" data-id=\"#vyuziti\">Vyu\u017eit\u00ed<\/a><br><a href=\"#stahnout\" data-type=\"internal\" data-id=\"#stahnout\">Sta\u017een\u00ed a instalace aplikace<\/a><br><a href=\"#manual\" data-type=\"internal\" data-id=\"#manual\">Manu\u00e1l k aplikaci<\/a><br><a href=\"#tym\" data-type=\"internal\" data-id=\"#tym\">V\u00fdvojov\u00fd t\u00fdm<\/a><br><a href=\"#kontakt\" data-type=\"internal\" data-id=\"#kontakt\">Kontakt<\/a><\/strong><\/p>\n\n\n\n<h1 class=\"wp-block-heading\">Hynek App<\/h1>\n\n\n\n<figure class=\"wp-block-gallery columns-3 is-cropped wp-block-gallery-1 is-layout-flex wp-block-gallery-is-layout-flex\" id=\"popis\"><ul class=\"blocks-gallery-grid\"><li class=\"blocks-gallery-item\"><figure><img loading=\"lazy\" decoding=\"async\" width=\"923\" height=\"1024\" src=\"https:\/\/ksvi.mff.cuni.cz\/amulab\/wp-content\/uploads\/2021\/04\/Hynek_pict-1-1-923x1024.png\" alt=\"\" data-id=\"650\" data-full-url=\"https:\/\/ksvi.mff.cuni.cz\/amulab\/wp-content\/uploads\/2021\/04\/Hynek_pict-1-1.png\" data-link=\"https:\/\/ksvi.mff.cuni.cz\/amulab\/index.php\/hynek-app\/hynek_pict-1-1\/\" class=\"wp-image-650\" srcset=\"https:\/\/ksvi.mff.cuni.cz\/amulab\/wp-content\/uploads\/2021\/04\/Hynek_pict-1-1-923x1024.png 923w, https:\/\/ksvi.mff.cuni.cz\/amulab\/wp-content\/uploads\/2021\/04\/Hynek_pict-1-1-271x300.png 271w, https:\/\/ksvi.mff.cuni.cz\/amulab\/wp-content\/uploads\/2021\/04\/Hynek_pict-1-1-768x852.png 768w, https:\/\/ksvi.mff.cuni.cz\/amulab\/wp-content\/uploads\/2021\/04\/Hynek_pict-1-1.png 1156w\" sizes=\"auto, (max-width: 767px) 89vw, (max-width: 1000px) 54vw, (max-width: 1071px) 543px, 580px\" \/><\/figure><\/li><li class=\"blocks-gallery-item\"><figure><img loading=\"lazy\" decoding=\"async\" width=\"1024\" height=\"564\" src=\"https:\/\/ksvi.mff.cuni.cz\/amulab\/wp-content\/uploads\/2021\/04\/Hynek_pict-4-1-1024x564.png\" alt=\"\" data-id=\"651\" data-full-url=\"https:\/\/ksvi.mff.cuni.cz\/amulab\/wp-content\/uploads\/2021\/04\/Hynek_pict-4-1.png\" data-link=\"https:\/\/ksvi.mff.cuni.cz\/amulab\/index.php\/hynek-app\/hynek_pict-4-1\/\" class=\"wp-image-651\" srcset=\"https:\/\/ksvi.mff.cuni.cz\/amulab\/wp-content\/uploads\/2021\/04\/Hynek_pict-4-1-1024x564.png 1024w, https:\/\/ksvi.mff.cuni.cz\/amulab\/wp-content\/uploads\/2021\/04\/Hynek_pict-4-1-300x165.png 300w, https:\/\/ksvi.mff.cuni.cz\/amulab\/wp-content\/uploads\/2021\/04\/Hynek_pict-4-1-768x423.png 768w, https:\/\/ksvi.mff.cuni.cz\/amulab\/wp-content\/uploads\/2021\/04\/Hynek_pict-4-1-1536x845.png 1536w, https:\/\/ksvi.mff.cuni.cz\/amulab\/wp-content\/uploads\/2021\/04\/Hynek_pict-4-1-2048x1127.png 2048w\" sizes=\"auto, (max-width: 767px) 89vw, (max-width: 1000px) 54vw, (max-width: 1071px) 543px, 580px\" \/><\/figure><\/li><li class=\"blocks-gallery-item\"><figure><img loading=\"lazy\" decoding=\"async\" width=\"830\" height=\"1024\" src=\"https:\/\/ksvi.mff.cuni.cz\/amulab\/wp-content\/uploads\/2021\/04\/Hynek_pict-6-1-830x1024.png\" alt=\"\" data-id=\"652\" data-full-url=\"https:\/\/ksvi.mff.cuni.cz\/amulab\/wp-content\/uploads\/2021\/04\/Hynek_pict-6-1.png\" data-link=\"https:\/\/ksvi.mff.cuni.cz\/amulab\/index.php\/hynek-app\/hynek_pict-6-1\/\" class=\"wp-image-652\" srcset=\"https:\/\/ksvi.mff.cuni.cz\/amulab\/wp-content\/uploads\/2021\/04\/Hynek_pict-6-1-830x1024.png 830w, https:\/\/ksvi.mff.cuni.cz\/amulab\/wp-content\/uploads\/2021\/04\/Hynek_pict-6-1-243x300.png 243w, https:\/\/ksvi.mff.cuni.cz\/amulab\/wp-content\/uploads\/2021\/04\/Hynek_pict-6-1-768x948.png 768w, https:\/\/ksvi.mff.cuni.cz\/amulab\/wp-content\/uploads\/2021\/04\/Hynek_pict-6-1.png 1154w\" sizes=\"auto, (max-width: 767px) 89vw, (max-width: 1000px) 54vw, (max-width: 1071px) 543px, 580px\" \/><\/figure><\/li><li class=\"blocks-gallery-item\"><figure><img loading=\"lazy\" decoding=\"async\" width=\"1024\" height=\"297\" src=\"https:\/\/ksvi.mff.cuni.cz\/amulab\/wp-content\/uploads\/2021\/04\/Hynek_pict-8-2-1024x297.png\" alt=\"\" data-id=\"653\" data-full-url=\"https:\/\/ksvi.mff.cuni.cz\/amulab\/wp-content\/uploads\/2021\/04\/Hynek_pict-8-2.png\" data-link=\"https:\/\/ksvi.mff.cuni.cz\/amulab\/index.php\/hynek-app\/hynek_pict-8-2\/\" class=\"wp-image-653\" srcset=\"https:\/\/ksvi.mff.cuni.cz\/amulab\/wp-content\/uploads\/2021\/04\/Hynek_pict-8-2-1024x297.png 1024w, https:\/\/ksvi.mff.cuni.cz\/amulab\/wp-content\/uploads\/2021\/04\/Hynek_pict-8-2-300x87.png 300w, https:\/\/ksvi.mff.cuni.cz\/amulab\/wp-content\/uploads\/2021\/04\/Hynek_pict-8-2-768x223.png 768w, https:\/\/ksvi.mff.cuni.cz\/amulab\/wp-content\/uploads\/2021\/04\/Hynek_pict-8-2-1536x445.png 1536w, https:\/\/ksvi.mff.cuni.cz\/amulab\/wp-content\/uploads\/2021\/04\/Hynek_pict-8-2-2048x594.png 2048w\" sizes=\"auto, (max-width: 767px) 89vw, (max-width: 1000px) 54vw, (max-width: 1071px) 543px, 580px\" \/><\/figure><\/li><\/ul><\/figure>\n\n\n\n<p>Hynek App je <strong>webov\u00e1 <\/strong>a<strong> desktopov\u00e1 aplikace<\/strong> ur\u010den\u00e1 pro d\u011bti s&nbsp;<strong>poruchou autistick\u00e9ho spektra<\/strong>. Obsahuje s\u00e9rii kr\u00e1tk\u00fdch interaktivn\u00edch animac\u00ed, kter\u00e9 pom\u00e1haj\u00ed d\u011btsk\u00fdm u\u017eivatel\u016fm l\u00e9pe porozum\u011bt, co se odehr\u00e1v\u00e1 v soci\u00e1ln\u00edch situac\u00edch v prost\u0159ed\u00ed \u0161koly a jak v t\u011bchto situac\u00edch reagovat.<\/p>\n\n\n\n<p>Konkr\u00e9tn\u011b se jedn\u00e1 o n\u00e1sleduj\u00edc\u00ed situace:<\/p>\n\n\n\n<ul class=\"wp-block-list\"><li>zdraven\u00ed spolu\u017e\u00e1k\u016f, <\/li><li>\u017e\u00e1dosti o pomoc,<\/li><li>komunikace se spolu\u017e\u00e1ky,<\/li><li>uklidn\u011bn\u00ed v&nbsp;prost\u0159ed\u00ed \u0161koln\u00ed t\u0159\u00eddy.<\/li><\/ul>\n\n\n\n<p id=\"cilova\">Aplikace je pilotn\u00edm projektem Univerzity Karlovy.<\/p>\n\n\n\n<h2 class=\"wp-block-heading\">C\u00edlov\u00e1 skupina<\/h2>\n\n\n\n<div style=\"height:20px\" aria-hidden=\"true\" class=\"wp-block-spacer\"><\/div>\n\n\n\n<p id=\"ovladani\">Aplikace je prim\u00e1rn\u011b ur\u010dena pro d\u011bti s&nbsp;poruchami autistick\u00e9ho spektra ve v\u011bku <strong>6 a\u017e 12 let<\/strong>, kter\u00e9 nav\u0161t\u011bvuj\u00ed <strong>b\u011b\u017en\u00e9 z\u00e1kladn\u00ed \u0161koly<\/strong>.<\/p>\n\n\n\n<h2 class=\"wp-block-heading\" id=\"vyuziti\">Vyu\u017eit\u00ed<\/h2>\n\n\n\n<div style=\"height:20px\" aria-hidden=\"true\" class=\"wp-block-spacer\"><\/div>\n\n\n\n<p id=\"tym\">C\u00edlem aplikace je<strong> rozvoj soci\u00e1ln\u00edch dovednost\u00ed <\/strong>a <strong>soci\u00e1ln\u00edho porozum\u011bn\u00ed<\/strong> u d\u011bt\u00ed s&nbsp;poruchami autistick\u00e9ho spektra. Aplikace je vymy\u0161lena tak, aby d\u00edt\u011b v&nbsp;optim\u00e1ln\u00edm p\u0159\u00edpad\u011b zhl\u00e9dlo animace opakovan\u011b (tj. nejde o jednor\u00e1zov\u00e9 vyu\u017eit\u00ed). <br><br>K&nbsp;dispozici jsou <strong>t\u0159i verze animac\u00ed<\/strong>. V\u0161echny t\u0159i verze obsahuj\u00ed stejn\u00e9 sd\u011blen\u00ed, av\u0161ak doch\u00e1z\u00ed k prom\u011bn\u011b n\u011bkter\u00fdch z&nbsp;postav, prost\u0159ed\u00ed a v\u00fdrok\u016f, kter\u00e9 animace obsahuj\u00ed. Z\u00e1m\u011brem v\u00edce verz\u00ed je d\u011btsk\u00e9 u\u017eivatele v\u00e9st k&nbsp;uv\u011bdom\u011bn\u00ed, \u017ee stejn\u00e1 dovednost m\u016f\u017ee b\u00fdt vyu\u017eita v r\u016fzn\u00fdch kontextech.<br><br>Obsah animac\u00ed je inspirov\u00e1n metodou <a href=\"https:\/\/carolgraysocialstories.com\/social-stories\/what-is-it\/\" data-type=\"URL\" data-id=\"https:\/\/carolgraysocialstories.com\/social-stories\/what-is-it\/\" target=\"_blank\" rel=\"noreferrer noopener\">Social Stories Carol Grayov\u00e9<\/a>.<\/p>\n\n\n\n<h2 class=\"wp-block-heading\" id=\"stahnout\">Sta\u017een\u00ed a instalace aplikace<\/h2>\n\n\n\n<div style=\"height:20px\" aria-hidden=\"true\" class=\"wp-block-spacer\"><\/div>\n\n\n\n<p>V\u00fdvoj aplikace byl financov\u00e1n Univerzitou Karlovou. C\u00edlem v\u00fdvoj\u00e1\u0159\u016f aplikace bylo, aby byla vyu\u017e\u00edv\u00e1na v praxi d\u011btsk\u00fdmi u\u017eivateli s PAS, jejich rodi\u010di a odborn\u00edky. Aplikace je k dispozici k voln\u00e9mu vyu\u017e\u00edv\u00e1n\u00ed (zdarma) v\u0161em z\u00e1jemc\u016fm. <\/p>\n\n\n\n<p>Spu\u0161t\u011bn\u00ed aplikace je mo\u017en\u00e9 na za\u0159\u00edzen\u00edch s opera\u010dn\u00edm syst\u00e9mem Windows a macOS.<\/p>\n\n\n\n<p><strong>Aplikaci a n\u00e1vod k jej\u00edmu sta\u017een\u00ed<\/strong> <strong>a instalaci <\/strong>najdete pod n\u00e1sleduj\u00edc\u00edmi tla\u010d\u00edtky.<\/p>\n\n\n\n<div class=\"wp-block-buttons is-layout-flex wp-block-buttons-is-layout-flex\">\n<div class=\"wp-block-button\"><a class=\"wp-block-button__link\" href=\"https:\/\/ksvi.mff.cuni.cz\/amulab\/index.php\/manual-pro-instalaci-pc-verze-windows\/\">Windows<\/a><\/div>\n\n\n\n<div class=\"wp-block-button\"><a class=\"wp-block-button__link\" href=\"https:\/\/ksvi.mff.cuni.cz\/amulab\/index.php\/cs\/hynek-desktopova-verze-macos\/\">macOS<\/a><\/div>\n<\/div>\n\n\n\n<h2 class=\"wp-block-heading\" id=\"manual\">Manu\u00e1l k aplikaci<\/h2>\n\n\n\n<div style=\"height:20px\" aria-hidden=\"true\" class=\"wp-block-spacer\"><\/div>\n\n\n\n<p>Manu\u00e1l k vyu\u017e\u00edv\u00e1n\u00ed aplikace je dostupn\u00fd v PDF pod n\u00e1sleduj\u00edc\u00edm tla\u010d\u00edtkem.<\/p>\n\n\n\n<div class=\"wp-block-buttons is-layout-flex wp-block-buttons-is-layout-flex\">\n<div class=\"wp-block-button\"><a class=\"wp-block-button__link\" href=\"https:\/\/ksvi.mff.cuni.cz\/amulab\/wp-content\/uploads\/2022\/03\/Hynek-App_manual.pdf\">Manu\u00e1l k aplikaci<\/a><\/div>\n<\/div>\n\n\n\n<h2 class=\"wp-block-heading\" id=\"tym\">V\u00fdvojov\u00fd t\u00fdm<\/h2>\n\n\n\n<div style=\"height:20px\" aria-hidden=\"true\" class=\"wp-block-spacer\"><\/div>\n\n\n\n<p><strong>Tereza Tetourov\u00e1<\/strong> \u2013 autorka aplikace<\/p>\n\n\n\n<p><strong>Ond\u0159ej Javora<\/strong> \u2013 grafick\u00fd design, animace&nbsp;&nbsp;<\/p>\n\n\n\n<p><strong><a rel=\"noreferrer noopener\" href=\"https:\/\/charlesgames.net\/\" data-type=\"URL\" data-id=\"https:\/\/charlesgames.net\/\" target=\"_blank\">Charles Games<\/a><\/strong> \u2013 technick\u00e1 realizace<\/p>\n\n\n\n<p id=\"kontakt\"><strong>Cyril Brom<\/strong> a <strong>Hana Sot\u00e1kov\u00e1<\/strong> \u2013 odborn\u00fd dohled nad v\u00fdvojem aplikace<\/p>\n\n\n\n<h2 class=\"wp-block-heading\" id=\"kontakt\">Kontakt<\/h2>\n\n\n\n<div style=\"height:20px\" aria-hidden=\"true\" class=\"wp-block-spacer\"><\/div>\n\n\n\n<p>Pro v\u00edce informac\u00ed pros\u00edm kontaktuje <strong>Terezu Tetourovou<\/strong> na adrese <a href=\"mailto:tetetourova@gmail.com\" target=\"_blank\" rel=\"noreferrer noopener\">hynek.app@ksvi.mff.cuni.cz<\/a>, nebo <a href=\"mailto:tetourova@ksvi.mff.cuni.cz\" target=\"_blank\" rel=\"noreferrer noopener\">tetourova@ksvi.mff.cuni.cz<\/a>.<\/p>\n","protected":false},"excerpt":{"rendered":"<p>Stru\u010dn\u00e1 charakteristikaC\u00edlov\u00e1 skupinaVyu\u017eit\u00edSta\u017een\u00ed a instalace aplikaceManu\u00e1l k aplikaciV\u00fdvojov\u00fd t\u00fdmKontakt Hynek App Hynek App je webov\u00e1 a desktopov\u00e1 aplikace ur\u010den\u00e1 pro d\u011bti s&nbsp;poruchou autistick\u00e9ho spektra. Obsahuje s\u00e9rii kr\u00e1tk\u00fdch interaktivn\u00edch animac\u00ed, kter\u00e9 pom\u00e1haj\u00ed d\u011btsk\u00fdm u\u017eivatel\u016fm l\u00e9pe porozum\u011bt, co se odehr\u00e1v\u00e1 v soci\u00e1ln\u00edch situac\u00edch v prost\u0159ed\u00ed \u0161koly a jak v t\u011bchto situac\u00edch reagovat. Konkr\u00e9tn\u011b se jedn\u00e1 o n\u00e1sleduj\u00edc\u00ed &hellip; <\/p>\n<p class=\"link-more\"><a href=\"https:\/\/ksvi.mff.cuni.cz\/amulab\/index.php\/cs\/hynek-app-cz\/\" class=\"more-link\">Continue reading<span class=\"screen-reader-text\"> &#8220;Hynek App&#8221;<\/span><\/a><\/p>\n","protected":false},"author":1,"featured_media":0,"parent":0,"menu_order":0,"comment_status":"closed","ping_status":"closed","template":"","meta":{"footnotes":""},"class_list":["post-663","page","type-page","status-publish","hentry"],"_links":{"self":[{"href":"https:\/\/ksvi.mff.cuni.cz\/amulab\/index.php\/wp-json\/wp\/v2\/pages\/663","targetHints":{"allow":["GET"]}}],"collection":[{"href":"https:\/\/ksvi.mff.cuni.cz\/amulab\/index.php\/wp-json\/wp\/v2\/pages"}],"about":[{"href":"https:\/\/ksvi.mff.cuni.cz\/amulab\/index.php\/wp-json\/wp\/v2\/types\/page"}],"author":[{"embeddable":true,"href":"https:\/\/ksvi.mff.cuni.cz\/amulab\/index.php\/wp-json\/wp\/v2\/users\/1"}],"replies":[{"embeddable":true,"href":"https:\/\/ksvi.mff.cuni.cz\/amulab\/index.php\/wp-json\/wp\/v2\/comments?post=663"}],"version-history":[{"count":12,"href":"https:\/\/ksvi.mff.cuni.cz\/amulab\/index.php\/wp-json\/wp\/v2\/pages\/663\/revisions"}],"predecessor-version":[{"id":1085,"href":"https:\/\/ksvi.mff.cuni.cz\/amulab\/index.php\/wp-json\/wp\/v2\/pages\/663\/revisions\/1085"}],"wp:attachment":[{"href":"https:\/\/ksvi.mff.cuni.cz\/amulab\/index.php\/wp-json\/wp\/v2\/media?parent=663"}],"curies":[{"name":"wp","href":"https:\/\/api.w.org\/{rel}","templated":true}]}}