{"id":562,"date":"2020-06-16T10:16:28","date_gmt":"2020-06-16T08:16:28","guid":{"rendered":"https:\/\/ksvi.mff.cuni.cz\/amulab\/?page_id=562"},"modified":"2022-01-25T17:35:59","modified_gmt":"2022-01-25T16:35:59","slug":"how-to-get-to-us","status":"publish","type":"page","link":"https:\/\/ksvi.mff.cuni.cz\/amulab\/index.php\/how-to-get-to-us\/","title":{"rendered":"How to get to us"},"content":{"rendered":"\n<p>S\u00eddl\u00edme v nov\u00e9 budov\u011b Matematicko-fyzik\u00e1ln\u00ed fakulty v pavilonu IMPAKT v Tr\u00f3ji na adrese <strong>V\u00a0Hole\u0161ovi\u010dk\u00e1ch 747\/2, 180 00, Praha 8<\/strong>.<\/p>\n\n\n\n<p>K Trojsk\u00e9mu are\u00e1lu se dostanete autem nebo MHD: 5-10 min ze stanice metra N\u00e1dra\u017e\u00ed Hole\u0161ovice autobusem 112 do zast\u00e1vky Pelc Tyrolka nebo autobusem 201 do zast\u00e1vky Kuchy\u0148ka. <a href=\"https:\/\/mapy.cz\/s\/gojajedaro\">Pl\u00e1nek je zde<\/a>. <\/p>\n\n\n\n<p>Pokud jdete na experiment, pros\u00edme v\u00e1s, abyste v&nbsp;uveden\u00e9m term\u00ednu dorazili k <strong>vr\u00e1tnici<\/strong> pavilonu IMPAKT.<\/p>\n\n\n\n<figure class=\"wp-block-image size-large\"><img loading=\"lazy\" decoding=\"async\" width=\"800\" height=\"600\" src=\"https:\/\/ksvi.mff.cuni.cz\/amulab\/wp-content\/uploads\/2020\/06\/impakt2.jpg\" alt=\"\" class=\"wp-image-566\" srcset=\"https:\/\/ksvi.mff.cuni.cz\/amulab\/wp-content\/uploads\/2020\/06\/impakt2.jpg 800w, https:\/\/ksvi.mff.cuni.cz\/amulab\/wp-content\/uploads\/2020\/06\/impakt2-300x225.jpg 300w, https:\/\/ksvi.mff.cuni.cz\/amulab\/wp-content\/uploads\/2020\/06\/impakt2-768x576.jpg 768w\" sizes=\"auto, (max-width: 767px) 89vw, (max-width: 1000px) 54vw, (max-width: 1071px) 543px, 580px\" \/><figcaption>Vstup do pavilonu IMPAKT &#8211; pohled od magistr\u00e1ly: tudy p\u0159ijdete, kdy\u017e p\u0159ijedete autobusem 201 ze zast\u00e1vky N\u00e1dra\u017e\u00ed Hole\u0161ovice.<\/figcaption><\/figure>\n\n\n\n<figure class=\"wp-block-image size-large\"><img loading=\"lazy\" decoding=\"async\" width=\"800\" height=\"600\" src=\"https:\/\/ksvi.mff.cuni.cz\/amulab\/wp-content\/uploads\/2020\/06\/impakt3.jpg\" alt=\"\" class=\"wp-image-568\" srcset=\"https:\/\/ksvi.mff.cuni.cz\/amulab\/wp-content\/uploads\/2020\/06\/impakt3.jpg 800w, https:\/\/ksvi.mff.cuni.cz\/amulab\/wp-content\/uploads\/2020\/06\/impakt3-300x225.jpg 300w, https:\/\/ksvi.mff.cuni.cz\/amulab\/wp-content\/uploads\/2020\/06\/impakt3-768x576.jpg 768w\" sizes=\"auto, (max-width: 767px) 89vw, (max-width: 1000px) 54vw, (max-width: 1071px) 543px, 580px\" \/><figcaption>Pavilon IMPAKT &#8211; pohled z jihu od \u0159eky.<\/figcaption><\/figure>\n\n\n\n<p><\/p>\n","protected":false},"excerpt":{"rendered":"<p>S\u00eddl\u00edme v nov\u00e9 budov\u011b Matematicko-fyzik\u00e1ln\u00ed fakulty v pavilonu IMPAKT v Tr\u00f3ji na adrese V\u00a0Hole\u0161ovi\u010dk\u00e1ch 747\/2, 180 00, Praha 8. K Trojsk\u00e9mu are\u00e1lu se dostanete autem nebo MHD: 5-10 min ze stanice metra N\u00e1dra\u017e\u00ed Hole\u0161ovice autobusem 112 do zast\u00e1vky Pelc Tyrolka nebo autobusem 201 do zast\u00e1vky Kuchy\u0148ka. Pl\u00e1nek je zde. Pokud jdete na experiment, pros\u00edme v\u00e1s, &hellip; <\/p>\n<p class=\"link-more\"><a href=\"https:\/\/ksvi.mff.cuni.cz\/amulab\/index.php\/how-to-get-to-us\/\" class=\"more-link\">Continue reading<span class=\"screen-reader-text\"> &#8220;How to get to us&#8221;<\/span><\/a><\/p>\n","protected":false},"author":2,"featured_media":0,"parent":0,"menu_order":0,"comment_status":"closed","ping_status":"closed","template":"","meta":{"footnotes":""},"class_list":["post-562","page","type-page","status-publish","hentry"],"_links":{"self":[{"href":"https:\/\/ksvi.mff.cuni.cz\/amulab\/index.php\/wp-json\/wp\/v2\/pages\/562","targetHints":{"allow":["GET"]}}],"collection":[{"href":"https:\/\/ksvi.mff.cuni.cz\/amulab\/index.php\/wp-json\/wp\/v2\/pages"}],"about":[{"href":"https:\/\/ksvi.mff.cuni.cz\/amulab\/index.php\/wp-json\/wp\/v2\/types\/page"}],"author":[{"embeddable":true,"href":"https:\/\/ksvi.mff.cuni.cz\/amulab\/index.php\/wp-json\/wp\/v2\/users\/2"}],"replies":[{"embeddable":true,"href":"https:\/\/ksvi.mff.cuni.cz\/amulab\/index.php\/wp-json\/wp\/v2\/comments?post=562"}],"version-history":[{"count":9,"href":"https:\/\/ksvi.mff.cuni.cz\/amulab\/index.php\/wp-json\/wp\/v2\/pages\/562\/revisions"}],"predecessor-version":[{"id":889,"href":"https:\/\/ksvi.mff.cuni.cz\/amulab\/index.php\/wp-json\/wp\/v2\/pages\/562\/revisions\/889"}],"wp:attachment":[{"href":"https:\/\/ksvi.mff.cuni.cz\/amulab\/index.php\/wp-json\/wp\/v2\/media?parent=562"}],"curies":[{"name":"wp","href":"https:\/\/api.w.org\/{rel}","templated":true}]}}