{"id":48,"date":"2018-08-20T18:26:13","date_gmt":"2018-08-20T18:26:13","guid":{"rendered":"https:\/\/ksvi.mff.cuni.cz\/amulab\/?page_id=48"},"modified":"2024-10-31T19:30:34","modified_gmt":"2024-10-31T18:30:34","slug":"members","status":"publish","type":"page","link":"https:\/\/ksvi.mff.cuni.cz\/amulab\/index.php\/members\/","title":{"rendered":"Members"},"content":{"rendered":"<h1>Staff members<\/h1>\n<h1><img loading=\"lazy\" decoding=\"async\" class=\"alignleft wp-image-197 size-medium\" src=\"https:\/\/ksvi.mff.cuni.cz\/amulab\/wp-content\/uploads\/2019\/02\/CB-1-218x300.jpg\" alt=\"\" width=\"218\" height=\"300\" srcset=\"https:\/\/ksvi.mff.cuni.cz\/amulab\/wp-content\/uploads\/2019\/02\/CB-1-218x300.jpg 218w, https:\/\/ksvi.mff.cuni.cz\/amulab\/wp-content\/uploads\/2019\/02\/CB-1.jpg 400w\" sizes=\"auto, (max-width: 218px) 100vw, 218px\" \/>Cyril Brom<\/h1>\n<p>He is the founder and head of the group. He is also an associate professor at the <a href=\"https:\/\/www.mff.cuni.cz\/to.en\/\">Faculty of Mathematics and Physics<\/a> at\u00a0<a href=\"https:\/\/www.cuni.cz\/UKEN-1.html\">Charles University<\/a> in <a href=\"https:\/\/en.wikipedia.org\/wiki\/Prague\">Prague<\/a>. His research interest is in computing education and in how people learn from multimedia learning materials. He previously worked in the fields of artificial intelligence, computer games development and computational neuropsychology. During that time, he headed a group called <a href=\"https:\/\/artemis.ms.mff.cuni.cz\/main\">Artificial Minds for Intelligent Systems<\/a> at Charles University (2008 \u2013 2016). He contributed to well-known gaming and educational projects such as <a href=\"https:\/\/decko.ceskatelevize.cz\/datova-lhota\">Data Newtown<\/a>, <a href=\"https:\/\/www.kingdomcomerpg.com\/\">Kingdom Come: Deliverance<\/a>, <a href=\"http:\/\/cs3889.cz\/\">Czechoslovakia 38 &#8211; 89: Assassination<\/a>\u00a0and <a href=\"http:\/\/pogamut.cuni.cz\/main\/tiki-index.php\">Pogamut<\/a>.<\/p>\n<h1><img loading=\"lazy\" decoding=\"async\" class=\"alignleft wp-image-189 size-medium\" src=\"https:\/\/ksvi.mff.cuni.cz\/amulab\/wp-content\/uploads\/2019\/02\/VS-218x300.jpg\" alt=\"\" width=\"218\" height=\"300\" srcset=\"https:\/\/ksvi.mff.cuni.cz\/amulab\/wp-content\/uploads\/2019\/02\/VS-218x300.jpg 218w, https:\/\/ksvi.mff.cuni.cz\/amulab\/wp-content\/uploads\/2019\/02\/VS.jpg 400w\" sizes=\"auto, (max-width: 218px) 100vw, 218px\" \/>V\u00edt \u0160isler<\/h1>\n<p>He is a researcher for the group and an assistant professor of New Media Studies at the Institute of Information Studies and Librarianship at <a href=\"https:\/\/www.ff.cuni.cz\/home\/\">Charles University\u2019s Faculty of Arts<\/a>. His research addresses critical approaches to the intersection of culture and digital media; namely the internet, social media, video games, the networked public sphere and online communities. He was the lead game designer for the\u00a0<a href=\"http:\/\/cs3889.cz\/\">Czechoslovakia 38 &#8211; 89: Assassination<\/a> and <a href=\"http:\/\/attentat1942.com\/\">Attentat 1942<\/a> games.<\/p>\n<h1><img loading=\"lazy\" decoding=\"async\" class=\"alignleft size-medium wp-image-191\" src=\"https:\/\/ksvi.mff.cuni.cz\/amulab\/wp-content\/uploads\/2019\/02\/LK-218x300.jpg\" alt=\"\" width=\"218\" height=\"300\" srcset=\"https:\/\/ksvi.mff.cuni.cz\/amulab\/wp-content\/uploads\/2019\/02\/LK-218x300.jpg 218w, https:\/\/ksvi.mff.cuni.cz\/amulab\/wp-content\/uploads\/2019\/02\/LK.jpg 400w\" sizes=\"auto, (max-width: 218px) 100vw, 218px\" \/>Luk\u00e1\u0161 Kolek<\/h1>\n<p>His academic work focuses on experimental research on video games and their impact on players. In the lab, he is responsible for the project \u201cVideo Games, Players and Attitudes\u201d investigating players\u2019 attitude changes and for the project \u201cGame Analytics and Intrapersonal Learning Outcomes\u201d dealing with game analytics potential in research of video games effects on players. He specializes in development of, and research on, games with social or educational aspects. He is a director of Charles Games studio responsible for <a href=\"http:\/\/attentat1942.com\/game\" target=\"_blank\" rel=\"noopener noreferrer\" data-saferedirecturl=\"https:\/\/www.google.com\/url?q=http:\/\/attentat1942.com\/game&amp;source=gmail&amp;ust=1612878942547000&amp;usg=AFQjCNHz0gwkmaLvfx7j9_ktzZ4LHdyzcQ\">Attentat 1942<\/a> and <a href=\"https:\/\/svoboda1945.com\/\">Svoboda 1945: Liberation<\/a>.<\/p>\n<hr \/>\n<h1>PhD Students<\/h1>\n<h1><img loading=\"lazy\" decoding=\"async\" class=\"alignleft wp-image-271 size-medium\" src=\"https:\/\/ksvi.mff.cuni.cz\/amulab\/wp-content\/uploads\/2019\/02\/TT-218x300.jpg\" alt=\"\" width=\"218\" height=\"300\" srcset=\"https:\/\/ksvi.mff.cuni.cz\/amulab\/wp-content\/uploads\/2019\/02\/TT-218x300.jpg 218w, https:\/\/ksvi.mff.cuni.cz\/amulab\/wp-content\/uploads\/2019\/02\/TT.jpg 400w\" sizes=\"auto, (max-width: 218px) 100vw, 218px\" \/>Tereza Tetourov\u00e1<\/h1>\n<p>She has a master&#8217;s degree in psychology and is especially interested in the effects of interactivity in multimedia learning and multimedia learning materials for normally developed children as well as for children with special needs (specifically with ASD).<\/p>\n<h1><img loading=\"lazy\" decoding=\"async\" class=\"alignleft wp-image-957 size-medium\" src=\"https:\/\/ksvi.mff.cuni.cz\/amulab\/wp-content\/uploads\/2022\/02\/AY-1-218x300.jpg\" alt=\"\" width=\"218\" height=\"300\" srcset=\"https:\/\/ksvi.mff.cuni.cz\/amulab\/wp-content\/uploads\/2022\/02\/AY-1-218x300.jpg 218w, https:\/\/ksvi.mff.cuni.cz\/amulab\/wp-content\/uploads\/2022\/02\/AY-1.jpg 400w\" sizes=\"auto, (max-width: 218px) 100vw, 218px\" \/>Anna Yaghobov\u00e1<\/h1>\n<p>She graduated as a teacher of mathematics and computer science at Charles University\u2019s Faculty of Mathematics and Physics and is pursuing a PhD in computing education. She is mainly interested in preconceptions <br \/>concering computer networks and hardware.<span style=\"color: #888888;\"><br \/><\/span><\/p>\n<h1><img loading=\"lazy\" decoding=\"async\" class=\"wp-image-958 size-medium alignleft\" src=\"https:\/\/ksvi.mff.cuni.cz\/amulab\/wp-content\/uploads\/2022\/02\/AD-1-218x300.jpg\" alt=\"\" width=\"218\" height=\"300\" srcset=\"https:\/\/ksvi.mff.cuni.cz\/amulab\/wp-content\/uploads\/2022\/02\/AD-1-218x300.jpg 218w, https:\/\/ksvi.mff.cuni.cz\/amulab\/wp-content\/uploads\/2022\/02\/AD-1.jpg 400w\" sizes=\"auto, (max-width: 218px) 100vw, 218px\" \/>Anna Drobn\u00e1<\/h1>\n<p>She has a master\u2019s degree in Teacher training for primary schools at Charles University\u2019s Faculty of Education. Her current research focuses on tools and methods for effective teaching of digital technologies in primary education. She is a co-author of didactic materials for the<br \/>Datov\u00e1 Lhota educational series.<\/p>\n\n\n<hr class=\"wp-block-separator has-alpha-channel-opacity\"\/>\n\n\n\n<h1 class=\"wp-block-heading\">Master&#8217;s students<\/h1>\n\n\n\n<h2 class=\"wp-block-heading\">David N\u00e1pravn\u00edk<\/h2>\n\n\n\n<h2 class=\"wp-block-heading\">Ond\u0159ej Pet\u00ed\u0159<\/h2>\n\n\n\n<h2 class=\"wp-block-heading\">Ond\u0159ej Kohut<\/h2>\n\n\n\n<h2 class=\"wp-block-heading\">Monika Bo\u0161\u00e1niov\u00e1<\/h2>\n\n\n\n<p><\/p>\n","protected":false},"excerpt":{"rendered":"<p>Staff members Cyril Brom He is the founder and head of the group. He is also an associate professor at the Faculty of Mathematics and Physics at\u00a0Charles University in Prague. His research interest is in computing education and in how people learn from multimedia learning materials. He previously worked in the fields of artificial intelligence, &hellip; <\/p>\n<p class=\"link-more\"><a href=\"https:\/\/ksvi.mff.cuni.cz\/amulab\/index.php\/members\/\" class=\"more-link\">Continue reading<span class=\"screen-reader-text\"> &#8220;Members&#8221;<\/span><\/a><\/p>\n","protected":false},"author":1,"featured_media":0,"parent":0,"menu_order":0,"comment_status":"closed","ping_status":"closed","template":"","meta":{"footnotes":""},"class_list":["post-48","page","type-page","status-publish","hentry"],"_links":{"self":[{"href":"https:\/\/ksvi.mff.cuni.cz\/amulab\/index.php\/wp-json\/wp\/v2\/pages\/48","targetHints":{"allow":["GET"]}}],"collection":[{"href":"https:\/\/ksvi.mff.cuni.cz\/amulab\/index.php\/wp-json\/wp\/v2\/pages"}],"about":[{"href":"https:\/\/ksvi.mff.cuni.cz\/amulab\/index.php\/wp-json\/wp\/v2\/types\/page"}],"author":[{"embeddable":true,"href":"https:\/\/ksvi.mff.cuni.cz\/amulab\/index.php\/wp-json\/wp\/v2\/users\/1"}],"replies":[{"embeddable":true,"href":"https:\/\/ksvi.mff.cuni.cz\/amulab\/index.php\/wp-json\/wp\/v2\/comments?post=48"}],"version-history":[{"count":77,"href":"https:\/\/ksvi.mff.cuni.cz\/amulab\/index.php\/wp-json\/wp\/v2\/pages\/48\/revisions"}],"predecessor-version":[{"id":1283,"href":"https:\/\/ksvi.mff.cuni.cz\/amulab\/index.php\/wp-json\/wp\/v2\/pages\/48\/revisions\/1283"}],"wp:attachment":[{"href":"https:\/\/ksvi.mff.cuni.cz\/amulab\/index.php\/wp-json\/wp\/v2\/media?parent=48"}],"curies":[{"name":"wp","href":"https:\/\/api.w.org\/{rel}","templated":true}]}}