{"id":1134,"date":"2022-10-21T09:44:02","date_gmt":"2022-10-21T07:44:02","guid":{"rendered":"https:\/\/ksvi.mff.cuni.cz\/amulab\/?page_id=1134"},"modified":"2022-11-30T19:08:50","modified_gmt":"2022-11-30T18:08:50","slug":"ucitele-3","status":"publish","type":"page","link":"https:\/\/ksvi.mff.cuni.cz\/amulab\/index.php\/cs\/ucitele-3\/","title":{"rendered":"P\u0159\u00edprava budouc\u00edch a za\u010d\u00ednaj\u00edc\u00edch u\u010ditel\u016f 1. stupn\u011b na v\u00fduku digit\u00e1ln\u00edch technologi\u00ed\u00a0"},"content":{"rendered":"\n<p><a href=\"#projekt\">O projektu<\/a><br><a href=\"#tym\">T\u00fdm<br><\/a><a href=\"#info\">Informace pro \u00fa\u010dastn\u00edky<br><\/a><a href=\"#kontakt\">Kontakt<\/a><\/p>\n\n\n\n<h1 class=\"wp-block-heading\" id=\"projekt\">O projektu<\/h1>\n\n\n\n<p>V\u00fdzkumn\u00fd projekt se sna\u017e\u00ed prozkoumat postoje a prekoncepce<strong> za\u010d\u00ednaj\u00edc\u00edch u\u010ditel\u016f 1. stupn\u011b Z\u0160<\/strong> t\u00fdkaj\u00edc\u00ed se zm\u011bn kurikula, kter\u00e9 prob\u011bhly v posledn\u00edch letech. Konkr\u00e9tn\u011b se projekt v\u011bnuje nov\u00e9mu vzd\u011bl\u00e1vac\u00edmu obsahu v oblasti informatiky. V\u00fdsledky budou mj. relevantn\u00ed pro tvorbu v\u00fdukov\u00fdch materi\u00e1l\u016f \u010di kurz\u016f o t\u00e9to problematice ur\u010den\u00fdch pro u\u010ditele 1. stupn\u011b Z\u0160.&nbsp;<\/p>\n\n\n\n<p>N\u00e1\u0161 t\u00fdm v minulosti spolupracoval nap\u0159\u00edklad s \u010ceskou televiz\u00ed na p\u0159\u00edprav\u011b v\u00fdukov\u00e9ho animovan\u00e9ho seri\u00e1lu pro d\u011bti z prvn\u00edho stupn\u011b <a href=\"https:\/\/decko.ceskatelevize.cz\/datova-lhota\" data-type=\"URL\" data-id=\"https:\/\/decko.ceskatelevize.cz\/datova-lhota\">Datov\u00e1 Lhota<\/a> a \u00fa\u010dastn\u00ed se p\u0159\u00edpravy modelov\u00fdch hodin k s\u00e9rii knih <a href=\"https:\/\/helloruby-pro-skoly.cz\/\" data-type=\"URL\" data-id=\"https:\/\/helloruby-pro-skoly.cz\/\">Hello Ruby<\/a>.<\/p>\n\n\n\n<h1 class=\"wp-block-heading\" id=\"tym\">T\u00fdm<\/h1>\n\n\n\n<p><strong>Anna Drobn\u00e1<\/strong> (Pedagogick\u00e1 fakulta UK, Matematicko-fyzik\u00e1ln\u00ed fakulta UK)&nbsp;<\/p>\n\n\n\n<p><strong>Daniel \u0160\u0165astn\u00fd<\/strong> (Filozofick\u00e1 fakulta UK)&nbsp;<\/p>\n\n\n\n<p><strong>David \u0160osvald<\/strong>&nbsp;(Matematicko-fyzik\u00e1ln\u00ed fakulta UK)&nbsp;<\/p>\n\n\n\n<p><strong>Anna Yaghobov\u00e1<\/strong>&nbsp;(Matematicko-fyzik\u00e1ln\u00ed fakulta UK)&nbsp;<\/p>\n\n\n\n<p><strong>Cyril Brom<\/strong> (Matematicko-fyzik\u00e1ln\u00ed fakulta UK)&nbsp;&nbsp;<\/p>\n\n\n\n<h1 class=\"wp-block-heading\" id=\"info\">Informace pro \u00fa\u010dastn\u00edky<\/h1>\n\n\n\n<p>Projekt je ur\u010den pro:&nbsp;&nbsp;<\/p>\n\n\n\n<ol class=\"wp-block-list\">\n<li>studenty u\u010ditelstv\u00ed pro 1. stupe\u0148 Z\u0160, kte\u0159\u00ed <strong>dokon\u010d\u00ed sv\u00e9 studium v p\u0159\u00ed\u0161t\u00edch t\u0159ech letech<\/strong> (a pl\u00e1nuj\u00ed v budoucnu u\u010dit na 1. st. Z\u0160 \u010di ji\u017e v sou\u010dasnosti&nbsp;u\u010d\u00ed)&nbsp;<\/li>\n<\/ol>\n\n\n\n<ol class=\"wp-block-list\" start=\"2\">\n<li>u\u010ditele 1. stupn\u011b, kte\u0159\u00ed studium <strong>absolvovali v posledn\u00edch t\u0159ech letech&nbsp;a v sou\u010dasnosti u\u010d\u00ed <\/strong>na 1. st. Z\u0160&nbsp;<\/li>\n<\/ol>\n\n\n\n<p>\u00da\u010dastn\u00edky projektu \u010dek\u00e1 nen\u00e1ro\u010dn\u00fd rozhovor trvaj\u00edc\u00ed p\u0159ibli\u017en\u011b <strong>45 minut<\/strong>. Rozhovor prob\u00edh\u00e1 <strong>on-line<\/strong> formou v term\u00ednu, kter\u00fd si \u00fa\u010dastn\u00edk vybere. Ka\u017ed\u00fd \u00fa\u010dastn\u00edk z\u00edsk\u00e1 bu\u010f v\u011bcnou odm\u011bnu v hodnot\u011b <strong>400 K\u010d<\/strong> dle sv\u00e9ho v\u00fdb\u011bru (flash disk, powerbanka, stoln\u00ed hra apod.), nebo 400 K\u010d formou Dohody o proveden\u00ed pr\u00e1ce.<\/p>\n\n\n\n<p>Pro p\u0159ihl\u00e1\u0161en\u00ed k projektu vypl\u0148te, pros\u00edm, <a href=\"https:\/\/forms.office.com\/r\/MaeHmMV1vx\" data-type=\"URL\" data-id=\"https:\/\/forms.office.com\/r\/MaeHmMV1vx\">tento formul\u00e1\u0159<\/a>.<\/p>\n\n\n\n<h1 class=\"wp-block-heading\" id=\"kontakt\">Kontakt<\/h1>\n\n\n\n<p>Pro v\u00edce informac\u00ed kontaktujte Annu Drobnou:<br><a href=\"mailto:drobna@ksvi.mff.cuni.cz\">drobna@ksvi.mff.cuni.cz<\/a><\/p>\n","protected":false},"excerpt":{"rendered":"<p>O projektuT\u00fdmInformace pro \u00fa\u010dastn\u00edkyKontakt O projektu V\u00fdzkumn\u00fd projekt se sna\u017e\u00ed prozkoumat postoje a prekoncepce za\u010d\u00ednaj\u00edc\u00edch u\u010ditel\u016f 1. stupn\u011b Z\u0160 t\u00fdkaj\u00edc\u00ed se zm\u011bn kurikula, kter\u00e9 prob\u011bhly v posledn\u00edch letech. Konkr\u00e9tn\u011b se projekt v\u011bnuje nov\u00e9mu vzd\u011bl\u00e1vac\u00edmu obsahu v oblasti informatiky. V\u00fdsledky budou mj. relevantn\u00ed pro tvorbu v\u00fdukov\u00fdch materi\u00e1l\u016f \u010di kurz\u016f o t\u00e9to problematice ur\u010den\u00fdch pro u\u010ditele 1. &hellip; <\/p>\n<p class=\"link-more\"><a href=\"https:\/\/ksvi.mff.cuni.cz\/amulab\/index.php\/cs\/ucitele-3\/\" class=\"more-link\">Continue reading<span class=\"screen-reader-text\"> &#8220;P\u0159\u00edprava budouc\u00edch a za\u010d\u00ednaj\u00edc\u00edch u\u010ditel\u016f 1. stupn\u011b na v\u00fduku digit\u00e1ln\u00edch technologi\u00ed\u00a0&#8220;<\/span><\/a><\/p>\n","protected":false},"author":2,"featured_media":0,"parent":0,"menu_order":0,"comment_status":"closed","ping_status":"closed","template":"","meta":{"footnotes":""},"class_list":["post-1134","page","type-page","status-publish","hentry"],"_links":{"self":[{"href":"https:\/\/ksvi.mff.cuni.cz\/amulab\/index.php\/wp-json\/wp\/v2\/pages\/1134","targetHints":{"allow":["GET"]}}],"collection":[{"href":"https:\/\/ksvi.mff.cuni.cz\/amulab\/index.php\/wp-json\/wp\/v2\/pages"}],"about":[{"href":"https:\/\/ksvi.mff.cuni.cz\/amulab\/index.php\/wp-json\/wp\/v2\/types\/page"}],"author":[{"embeddable":true,"href":"https:\/\/ksvi.mff.cuni.cz\/amulab\/index.php\/wp-json\/wp\/v2\/users\/2"}],"replies":[{"embeddable":true,"href":"https:\/\/ksvi.mff.cuni.cz\/amulab\/index.php\/wp-json\/wp\/v2\/comments?post=1134"}],"version-history":[{"count":7,"href":"https:\/\/ksvi.mff.cuni.cz\/amulab\/index.php\/wp-json\/wp\/v2\/pages\/1134\/revisions"}],"predecessor-version":[{"id":1155,"href":"https:\/\/ksvi.mff.cuni.cz\/amulab\/index.php\/wp-json\/wp\/v2\/pages\/1134\/revisions\/1155"}],"wp:attachment":[{"href":"https:\/\/ksvi.mff.cuni.cz\/amulab\/index.php\/wp-json\/wp\/v2\/media?parent=1134"}],"curies":[{"name":"wp","href":"https:\/\/api.w.org\/{rel}","templated":true}]}}